{"id":1017,"date":"2018-11-08T22:37:31","date_gmt":"2018-11-08T22:37:31","guid":{"rendered":"https:\/\/www.nivawp.lucian.host\/?page_id=1017"},"modified":"2024-01-31T15:53:35","modified_gmt":"2024-01-31T12:53:35","slug":"iletisim","status":"publish","type":"page","link":"https:\/\/demetozler.com\/index.php\/iletisim\/","title":{"rendered":"\u0130leti\u015fim"},"content":{"rendered":"<section class=\"wpb-content-wrapper\"><p>[vc_row full_width=&#8221;stretch_row_content_no_spaces&#8221;][vc_column css=&#8221;.vc_custom_1538908117168{padding-top: 0px !important;}&#8221;][vc_gmaps link=&#8221;#E-8_JTNDaWZyYW1lJTIwc3JjJTNEJTIyaHR0cHMlM0ElMkYlMkZ3d3cuZ29vZ2xlLmNvbSUyRm1hcHMlMkZlbWJlZCUzRnBiJTNEJTIxMW0xOCUyMTFtMTIlMjExbTMlMjExZDQ5OTc2LjA2NjU2NDU2NTkyNSUyMTJkMjcuMDc0Nzg1NzE5MjYwMjUlMjEzZDM4LjQ3NjAwNzA2MTI1NzY3JTIxMm0zJTIxMWYwJTIxMmYwJTIxM2YwJTIxM20yJTIxMWkxMDI0JTIxMmk3NjglMjE0ZjEzLjElMjEzbTMlMjExbTIlMjExczB4MTRiYmQ5ZWU5ZGJjNDdjNyUyNTNBMHgxOGY0ZDc1NjQ3MzM5M2YyJTIxMnNEZW1ldCUyNTIwJTI1QzMlMjU5NnpsZXIlMjUyMEFqYW5zJTIxNWUwJTIxM20yJTIxMXN0ciUyMTJzdHIlMjE0djE3MDY2OTk2NzExNTMlMjE1bTIlMjExc3RyJTIxMnN0ciUyMiUyMHdpZHRoJTNEJTIyNjAwJTIyJTIwaGVpZ2h0JTNEJTIyNDUwJTIyJTIwc3R5bGUlM0QlMjJib3JkZXIlM0EwJTNCJTIyJTIwYWxsb3dmdWxsc2NyZWVuJTNEJTIyJTIyJTIwbG9hZGluZyUzRCUyMmxhenklMjIlMjByZWZlcnJlcnBvbGljeSUzRCUyMm5vLXJlZmVycmVyLXdoZW4tZG93bmdyYWRlJTIyJTNFJTNDJTJGaWZyYW1lJTNF&#8221;][\/vc_column][\/vc_row][vc_row css=&#8221;.vc_custom_1541717663764{margin-top: 65px !important;margin-bottom: 85px !important;}&#8221;][vc_column width=&#8221;6\/12&#8243; css=&#8221;.vc_custom_1541717565875{margin-top: 0px !important;}&#8221;]<div class=\"title-subtile-holder text-left\"><h6 class=\"section-title  dark_title\"><\/h6><h1 class=\"section-subtitle  dark_subtitle\">\u0130leti\u015fim Bilgileri<\/h1><p class=\"section-description  dark_description\"><\/p><\/div>[vc_column_text]Markan\u0131z\u0131n bilinirli\u011fini art\u0131rmak ve \u00e7evrimi\u00e7i-\u00e7evrimd\u0131\u015f\u0131 her mecrada daha g\u00f6r\u00fcn\u00fcr olman\u0131z\u0131 sa\u011flamak i\u00e7in ihtiyac\u0131n\u0131z olan t\u00fcm pazarlama aktivitelerinde sizi en etkin, en yarat\u0131c\u0131 ve en \u00f6zg\u00fcn \u00e7\u00f6z\u00fcmlerle bulu\u015fturuyoruz.[\/vc_column_text][vc_empty_space height=&#8221;30px&#8221;][vc_row_inner css=&#8221;.vc_custom_1541717454591{margin-top: 0px !important;margin-bottom: 0px !important;}&#8221;][vc_column_inner css=&#8221;.vc_custom_1541716934864{margin-bottom: 30px !important;}&#8221;][vc_column_text css=&#8221;.vc_custom_1706699738346{margin-bottom: 5px !important;}&#8221;]<\/p>\n<p style=\"text-align: left;\">Park Ya\u015fam Ofisleri<\/p>\n<p>[\/vc_column_text][vc_column_text css=&#8221;.vc_custom_1706699743987{margin-bottom: 5px !important;}&#8221;]<\/p>\n<p style=\"text-align: left;\">Yal\u0131 Mah. 6523 SK. No:32\/B, Kat: 4\/411, Kar\u015f\u0131yaka \/ \u0130zmir<\/p>\n<p>[\/vc_column_text][vc_column_text css=&#8221;.vc_custom_1706699754757{margin-bottom: 5px !important;}&#8221;]<\/p>\n<p style=\"text-align: left;\"><a href=\"mailto:info@demetozler.com\" target=\"_blank\" rel=\"noopener\">info@demetozler.com<\/a><\/p>\n<p>[\/vc_column_text][vc_column_text css=&#8221;.vc_custom_1706699769833{margin-bottom: 5px !important;}&#8221;]<\/p>\n<p style=\"text-align: left;\"><a href=\"tel:+905326248385\">0532 624 8385<\/a><\/p>\n<p>[\/vc_column_text][\/vc_column_inner][\/vc_row_inner][\/vc_column][vc_column width=&#8221;1\/12&#8243; css=&#8221;.vc_custom_1541717360806{margin-top: 20px !important;}&#8221;][\/vc_column][vc_column width=&#8221;5\/12&#8243; css=&#8221;.vc_custom_1541717577268{margin-top: 20px !important;}&#8221;]\n<div class=\"wpcf7 no-js\" id=\"wpcf7-f6-o1\" lang=\"tr-TR\" dir=\"ltr\">\n<div class=\"screen-reader-response\"><p role=\"status\" aria-live=\"polite\" aria-atomic=\"true\"><\/p> <ul><\/ul><\/div>\n<form action=\"\/index.php\/wp-json\/wp\/v2\/pages\/1017#wpcf7-f6-o1\" method=\"post\" class=\"wpcf7-form init\" aria-label=\"Contact form\" novalidate=\"novalidate\" data-status=\"init\">\n<div style=\"display: none;\">\n<input type=\"hidden\" name=\"_wpcf7\" value=\"6\" \/>\n<input type=\"hidden\" name=\"_wpcf7_version\" value=\"5.8.7\" \/>\n<input type=\"hidden\" name=\"_wpcf7_locale\" value=\"tr_TR\" \/>\n<input type=\"hidden\" name=\"_wpcf7_unit_tag\" value=\"wpcf7-f6-o1\" \/>\n<input type=\"hidden\" name=\"_wpcf7_container_post\" value=\"0\" \/>\n<input type=\"hidden\" name=\"_wpcf7_posted_data_hash\" value=\"\" \/>\n<\/div>\n<div class=\"niva-contact\">\n\t<p><span class=\"wpcf7-form-control-wrap\" data-name=\"ad-soyad\"><input size=\"40\" class=\"wpcf7-form-control wpcf7-text wpcf7-validates-as-required\" aria-required=\"true\" aria-invalid=\"false\" placeholder=\"Ad Soyad\" value=\"\" type=\"text\" name=\"ad-soyad\" \/><\/span>\n\t<\/p>\n\t<p><span class=\"wpcf7-form-control-wrap\" data-name=\"e-posta\"><input size=\"40\" class=\"wpcf7-form-control wpcf7-email wpcf7-validates-as-required wpcf7-text wpcf7-validates-as-email\" aria-required=\"true\" aria-invalid=\"false\" placeholder=\"E-posta\" value=\"\" type=\"email\" name=\"e-posta\" \/><\/span>\n\t<\/p>\n\t<p><span class=\"wpcf7-form-control-wrap\" data-name=\"mesaj\"><textarea cols=\"40\" rows=\"10\" class=\"wpcf7-form-control wpcf7-textarea wpcf7-validates-as-required\" aria-required=\"true\" aria-invalid=\"false\" placeholder=\"Mesaj\u0131n\u0131z\" name=\"mesaj\"><\/textarea><\/span>\n\t<\/p>\n\t<p><button type=\"submit\" class=\"wpcf7-form-control wpcf7-submit\">G\u00f6nder<\/button>\n\t<\/p>\n<\/div><div class=\"wpcf7-response-output\" aria-hidden=\"true\"><\/div>\n<\/form>\n<\/div>\n[\/vc_column][\/vc_row]<\/p>\n<\/section>","protected":false},"excerpt":{"rendered":"<p>[vc_row full_width=&#8221;stretch_row_content_no_spaces&#8221;][vc_column css=&#8221;.vc_custom_1538908117168{padding-top: 0px !important;}&#8221;][vc_gmaps link=&#8221;#E-8_JTNDaWZyYW1lJTIwc3JjJTNEJTIyaHR0cHMlM0ElMkYlMkZ3d3cuZ29vZ2xlLmNvbSUyRm1hcHMlMkZlbWJlZCUzRnBiJTNEJTIxMW0xOCUyMTFtMTIlMjExbTMlMjExZDQ5OTc2LjA2NjU2NDU2NTkyNSUyMTJkMjcuMDc0Nzg1NzE5MjYwMjUlMjEzZDM4LjQ3NjAwNzA2MTI1NzY3JTIxMm0zJTIxMWYwJTIxMmYwJTIxM2YwJTIxM20yJTIxMWkxMDI0JTIxMmk3NjglMjE0ZjEzLjElMjEzbTMlMjExbTIlMjExczB4MTRiYmQ5ZWU5ZGJjNDdjNyUyNTNBMHgxOGY0ZDc1NjQ3MzM5M2YyJTIxMnNEZW1ldCUyNTIwJTI1QzMlMjU5NnpsZXIlMjUyMEFqYW5zJTIxNWUwJTIxM20yJTIxMXN0ciUyMTJzdHIlMjE0djE3MDY2OTk2NzExNTMlMjE1bTIlMjExc3RyJTIxMnN0ciUyMiUyMHdpZHRoJTNEJTIyNjAwJTIyJTIwaGVpZ2h0JTNEJTIyNDUwJTIyJTIwc3R5bGUlM0QlMjJib3JkZXIlM0EwJTNCJTIyJTIwYWxsb3dmdWxsc2NyZWVuJTNEJTIyJTIyJTIwbG9hZGluZyUzRCUyMmxhenklMjIlMjByZWZlcnJlcnBvbGljeSUzRCUyMm5vLXJlZmVycmVyLXdoZW4tZG93bmdyYWRlJTIyJTNFJTNDJTJGaWZyYW1lJTNF&#8221;][\/vc_column][\/vc_row][vc_row css=&#8221;.vc_custom_1541717663764{margin-top: 65px !important;margin-bottom: 85px !important;}&#8221;][vc_column width=&#8221;6\/12&#8243; css=&#8221;.vc_custom_1541717565875{margin-top: 0px !important;}&#8221;][vc_column_text]Markan\u0131z\u0131n bilinirli\u011fini art\u0131rmak ve \u00e7evrimi\u00e7i-\u00e7evrimd\u0131\u015f\u0131 her mecrada daha g\u00f6r\u00fcn\u00fcr olman\u0131z\u0131 sa\u011flamak i\u00e7in ihtiyac\u0131n\u0131z olan t\u00fcm pazarlama aktivitelerinde sizi en etkin, en yarat\u0131c\u0131 ve en \u00f6zg\u00fcn \u00e7\u00f6z\u00fcmlerle bulu\u015fturuyoruz.[\/vc_column_text][vc_empty_space height=&#8221;30px&#8221;][vc_row_inner css=&#8221;.vc_custom_1541717454591{margin-top: 0px !important;margin-bottom: 0px !important;}&#8221;][vc_column_inner css=&#8221;.vc_custom_1541716934864{margin-bottom: 30px !important;}&#8221;][vc_column_text css=&#8221;.vc_custom_1706699738346{margin-bottom: 5px !important;}&#8221;] Park Ya\u015fam [&hellip;]<\/p>\n","protected":false},"author":1,"featured_media":0,"parent":0,"menu_order":0,"comment_status":"closed","ping_status":"closed","template":"","meta":{"footnotes":""},"class_list":["post-1017","page","type-page","status-publish","hentry"],"_links":{"self":[{"href":"https:\/\/demetozler.com\/index.php\/wp-json\/wp\/v2\/pages\/1017","targetHints":{"allow":["GET"]}}],"collection":[{"href":"https:\/\/demetozler.com\/index.php\/wp-json\/wp\/v2\/pages"}],"about":[{"href":"https:\/\/demetozler.com\/index.php\/wp-json\/wp\/v2\/types\/page"}],"author":[{"embeddable":true,"href":"https:\/\/demetozler.com\/index.php\/wp-json\/wp\/v2\/users\/1"}],"replies":[{"embeddable":true,"href":"https:\/\/demetozler.com\/index.php\/wp-json\/wp\/v2\/comments?post=1017"}],"version-history":[{"count":4,"href":"https:\/\/demetozler.com\/index.php\/wp-json\/wp\/v2\/pages\/1017\/revisions"}],"predecessor-version":[{"id":1709,"href":"https:\/\/demetozler.com\/index.php\/wp-json\/wp\/v2\/pages\/1017\/revisions\/1709"}],"wp:attachment":[{"href":"https:\/\/demetozler.com\/index.php\/wp-json\/wp\/v2\/media?parent=1017"}],"curies":[{"name":"wp","href":"https:\/\/api.w.org\/{rel}","templated":true}]}}