{"id":1821,"date":"2024-01-31T15:09:48","date_gmt":"2024-01-31T12:09:48","guid":{"rendered":"https:\/\/demetozler.com\/?page_id=1821"},"modified":"2024-01-31T15:14:10","modified_gmt":"2024-01-31T12:14:10","slug":"kurumsal-kimlik","status":"publish","type":"page","link":"https:\/\/demetozler.com\/index.php\/kurumsal-kimlik\/","title":{"rendered":"Kurumsal Kimlik"},"content":{"rendered":"<section class=\"wpb-content-wrapper\"><p>[vc_row full_width=&#8221;stretch_row_content_no_spaces&#8221; css=&#8221;.vc_custom_1706702987500{margin-bottom: 0px !important;padding-top: 50px !important;padding-bottom: 100px !important;background-image: url(https:\/\/demetozler.com\/wp-content\/uploads\/2024\/01\/Kurumsal-Kimlik-Banner.jpg?id=1822) !important;}&#8221; el_class=&#8221;text-center slider-moving&#8221;][vc_column css=&#8221;.vc_custom_1539553513442{margin-top: 25px !important;}&#8221; offset=&#8221;vc_col-xs-12&#8243;][vc_custom_heading text=&#8221;Kurumsal Kimlik&#8221; font_container=&#8221;tag:h2|font_size:60px|text_align:center|line_height:60px&#8221; use_theme_fonts=&#8221;yes&#8221; css=&#8221;.vc_custom_1706702936083{margin-top: 5px !important;margin-bottom: 20px !important;}&#8221; el_class=&#8221;letter-spacing2px looking-for-heading&#8221;][vc_column_text css=&#8221;.vc_custom_1706702921016{margin-top: 30px !important;}&#8221;]<\/p>\n<p style=\"text-align: center;\">Gelin markan\u0131z\u0131n gelece\u011fini planlayal\u0131m!<\/p>\n<p>[\/vc_column_text][\/vc_column][\/vc_row][vc_row css=&#8221;.vc_custom_1706701725923{margin-top: 50px !important;margin-bottom: 55px !important;}&#8221;][vc_column width=&#8221;2\/3&#8243; css=&#8221;.vc_custom_1541546568643{padding-top: 22px !important;}&#8221;]<div class=\"title-subtile-holder text-left\"><h6 class=\"section-title  dark_title\">Hizmetlerimiz<\/h6><h1 class=\"section-subtitle  dark_subtitle\">Kurumsal Kimlik<\/h1><p class=\"section-description  light_description\"><\/p><\/div>[vc_empty_space height=&#8221;20px&#8221;][vc_column_text css_animation=&#8221;none&#8221;]Demet \u00d6zeler Ajans olarak; firman\u0131z\u0131n duru\u015funu, imaj\u0131n\u0131, kimli\u011fini ve hedef kitlesi g\u00f6z\u00fcndeki prestijini artt\u0131racak kurumsal kimlik \u00e7al\u0131\u015fmalar\u0131 ger\u00e7ekle\u015ftiririz.<\/p>\n<p>Firman\u0131z hen\u00fcz kurulma a\u015famas\u0131nda da olsa, y\u0131llard\u0131r edindi\u011fi bilinirli\u011fi tazelemesi de gerekse kurumsal kimlik \u00e7al\u0131\u015fmalar\u0131m\u0131zla vitrininizi fark yaratman\u0131z\u0131 sa\u011flayacak \u015fekilde d\u00fczenleriz.<\/p>\n<p>Bu s\u00fcre\u00e7te \u00f6ncelikle sizi dinleriz; firman\u0131z\u0131n nas\u0131l bir imaj\u0131 olmas\u0131n\u0131 istedi\u011finizden hedef kitlenizin karar verme s\u00fcre\u00e7lerinde etkilendi\u011fi dinamiklere kadar \u00e7al\u0131\u015fmalar\u0131m\u0131z s\u0131ras\u0131nda bize yol g\u00f6sterecek t\u00fcm unsurlar\u0131 \u00f6\u011freniriz. Kurumsal kimli\u011finizin gelecek ticari ba\u015far\u0131lar\u0131n\u0131z\u0131 do\u011frudan etkileyecek g\u00fcce sahip oldu\u011fu ger\u00e7e\u011finden yola \u00e7\u0131karak fark yaratan \u00e7\u00f6z\u00fcmler sunar\u0131z.<\/p>\n<p>Kurumsal kimli\u011finiz, firman\u0131z\u0131n imzas\u0131 niteli\u011findedir. Renkleriniz, logonuz, maillerinizi g\u00f6nderirken kulland\u0131\u011f\u0131n\u0131z dijital imzan\u0131z, kartvizitiniz , antetli ka\u011f\u0131d\u0131n\u0131z firman\u0131z\u0131 e\u015fsiz k\u0131lan unsurlard\u0131r. Bu nedenle s\u0131k s\u0131k de\u011fi\u015ftirilmez; s\u0131k s\u0131k de\u011fi\u015ftirilmedi\u011fi i\u00e7in de profesyonelli\u011finizi yans\u0131tan niteliklere sahip olmal\u0131d\u0131r.[\/vc_column_text][\/vc_column][vc_column width=&#8221;1\/3&#8243; css=&#8221;.vc_custom_1706703182387{padding-top: 50px !important;}&#8221;][vc_single_image image=&#8221;1828&#8243; img_size=&#8221;full&#8221; css=&#8221;.vc_custom_1706703249309{border-radius: 5px !important;}&#8221;][\/vc_column][\/vc_row][vc_row][vc_column width=&#8221;1\/3&#8243;][vc_empty_space height=&#8221;30px&#8221;][vc_single_image image=&#8221;1798&#8243; img_size=&#8221;full&#8221; css=&#8221;.vc_custom_1706701393793{border-radius: 5px !important;}&#8221;][\/vc_column][vc_column width=&#8221;2\/3&#8243;][vc_column_text css_animation=&#8221;none&#8221;]<\/p>\n<h3>Kurumsal Kimlik Hizmetlerimiz<\/h3>\n<p>[\/vc_column_text][vc_column_text css_animation=&#8221;none&#8221;]Kurumsal kimlik hizmetlerimiz kapsam\u0131nda;<\/p>\n<ul>\n<li>Logo \u00e7al\u0131\u015fmalar\u0131,<\/li>\n<li>Antetli ka\u011f\u0131t \u00e7al\u0131\u015fmalar\u0131,<\/li>\n<li>Kartvizit \u00e7al\u0131\u015fmalar\u0131,<\/li>\n<li>Promosyon \u00fcr\u00fcnleri \u00e7al\u0131\u015fmalar\u0131,<\/li>\n<li>Katalog \u00e7al\u0131\u015fmalar\u0131,<\/li>\n<li>Dijital imza \u00e7al\u0131\u015fmalar\u0131 gibi kapsaml\u0131 s\u00fcre\u00e7ler y\u00fcr\u00fct\u00fcr\u00fcz.<\/li>\n<\/ul>\n<p>Kurumsal kimlik \u00e7al\u0131\u015fmalar\u0131m\u0131zla markala\u015fma s\u00fcrecinizi h\u0131zland\u0131rmay\u0131 ve firman\u0131z\u0131 e\u015fsiz k\u0131lmay\u0131 ama\u00e7lar\u0131z. Marka mesajlar\u0131n\u0131z\u0131 en do\u011fru \u015fekilde yans\u0131tman\u0131z i\u00e7in kurgulad\u0131\u011f\u0131m\u0131z hizmet s\u00fcre\u00e7lerimizle sekt\u00f6rdeki yerinizi sa\u011flamla\u015ft\u0131rmay\u0131 ve rakipleriniz aras\u0131ndan profesyonelli\u011finizle \u00f6n plana \u00e7\u0131kman\u0131z\u0131 hedefleriz.[\/vc_column_text][\/vc_column][\/vc_row][vc_row css=&#8221;.vc_custom_1706701675939{margin-top: 10px !important;margin-bottom: 40px !important;}&#8221;][vc_column width=&#8221;3\/4&#8243; css=&#8221;.vc_custom_1541546568643{padding-top: 22px !important;}&#8221;][vc_column_text css_animation=&#8221;none&#8221;]<\/p>\n<h3>Kurumsal Kimlik Hizmetlerimiz Ne \u0130\u015fe Yarar?<\/h3>\n<p>[\/vc_column_text][vc_column_text css_animation=&#8221;none&#8221;]Kurumsal kimlik \u00e7al\u0131\u015fmalar\u0131nda sergiledi\u011fimiz profesyonelli\u011fin i\u015f ortaklar\u0131m\u0131z\u0131n imaj\u0131n\u0131 do\u011frudan etkileme potansiyelinin fark\u0131nda olarak onlar\u0131 en \u00e7ok yans\u0131tacak g\u00f6rsel tasar\u0131mlardan yararlan\u0131r\u0131z.<\/p>\n<p>\u015eirketinizin ismi, logosu, kartviziti k\u0131sacas\u0131 \u015firketinizi yans\u0131tan t\u00fcm unsurlar\u0131n belirlenmesi kurumsal kimlik hizmetlerimizin nihai hedefi ve sonucudur. Size \u00f6zel dizayn etti\u011fimiz kurumsal kimlik \u00e7al\u0131\u015fmalar\u0131m\u0131zla hedef kitlenizin sizi nas\u0131l tan\u0131mlamas\u0131 gerekti\u011fini belirleyip bu do\u011frultuda \u00e7\u00f6z\u00fcmler sunar\u0131z.[\/vc_column_text][\/vc_column][vc_column width=&#8221;1\/4&#8243;][vc_empty_space height=&#8221;30px&#8221;][vc_single_image image=&#8221;1805&#8243; img_size=&#8221;full&#8221; css=&#8221;.vc_custom_1706701799616{border-radius: 5px !important;}&#8221;][\/vc_column][\/vc_row]<\/p>\n<\/section>","protected":false},"excerpt":{"rendered":"<p>[vc_row full_width=&#8221;stretch_row_content_no_spaces&#8221; css=&#8221;.vc_custom_1706702987500{margin-bottom: 0px !important;padding-top: 50px !important;padding-bottom: 100px !important;background-image: url(https:\/\/demetozler.com\/wp-content\/uploads\/2024\/01\/Kurumsal-Kimlik-Banner.jpg?id=1822) !important;}&#8221; el_class=&#8221;text-center slider-moving&#8221;][vc_column css=&#8221;.vc_custom_1539553513442{margin-top: 25px !important;}&#8221; offset=&#8221;vc_col-xs-12&#8243;][vc_custom_heading text=&#8221;Kurumsal Kimlik&#8221; font_container=&#8221;tag:h2|font_size:60px|text_align:center|line_height:60px&#8221; use_theme_fonts=&#8221;yes&#8221; css=&#8221;.vc_custom_1706702936083{margin-top: 5px !important;margin-bottom: 20px !important;}&#8221; el_class=&#8221;letter-spacing2px looking-for-heading&#8221;][vc_column_text css=&#8221;.vc_custom_1706702921016{margin-top: 30px !important;}&#8221;] Gelin markan\u0131z\u0131n gelece\u011fini planlayal\u0131m! [\/vc_column_text][\/vc_column][\/vc_row][vc_row css=&#8221;.vc_custom_1706701725923{margin-top: 50px !important;margin-bottom: 55px !important;}&#8221;][vc_column width=&#8221;2\/3&#8243; css=&#8221;.vc_custom_1541546568643{padding-top: 22px !important;}&#8221;][vc_empty_space height=&#8221;20px&#8221;][vc_column_text css_animation=&#8221;none&#8221;]Demet \u00d6zeler Ajans olarak; firman\u0131z\u0131n duru\u015funu, imaj\u0131n\u0131, kimli\u011fini ve [&hellip;]<\/p>\n","protected":false},"author":1,"featured_media":0,"parent":0,"menu_order":0,"comment_status":"closed","ping_status":"closed","template":"","meta":{"footnotes":""},"class_list":["post-1821","page","type-page","status-publish","hentry"],"_links":{"self":[{"href":"https:\/\/demetozler.com\/index.php\/wp-json\/wp\/v2\/pages\/1821","targetHints":{"allow":["GET"]}}],"collection":[{"href":"https:\/\/demetozler.com\/index.php\/wp-json\/wp\/v2\/pages"}],"about":[{"href":"https:\/\/demetozler.com\/index.php\/wp-json\/wp\/v2\/types\/page"}],"author":[{"embeddable":true,"href":"https:\/\/demetozler.com\/index.php\/wp-json\/wp\/v2\/users\/1"}],"replies":[{"embeddable":true,"href":"https:\/\/demetozler.com\/index.php\/wp-json\/wp\/v2\/comments?post=1821"}],"version-history":[{"count":5,"href":"https:\/\/demetozler.com\/index.php\/wp-json\/wp\/v2\/pages\/1821\/revisions"}],"predecessor-version":[{"id":1829,"href":"https:\/\/demetozler.com\/index.php\/wp-json\/wp\/v2\/pages\/1821\/revisions\/1829"}],"wp:attachment":[{"href":"https:\/\/demetozler.com\/index.php\/wp-json\/wp\/v2\/media?parent=1821"}],"curies":[{"name":"wp","href":"https:\/\/api.w.org\/{rel}","templated":true}]}}