{"id":1840,"date":"2024-01-31T15:21:50","date_gmt":"2024-01-31T12:21:50","guid":{"rendered":"https:\/\/demetozler.com\/?page_id=1840"},"modified":"2024-01-31T15:21:50","modified_gmt":"2024-01-31T12:21:50","slug":"icerik-pazarlamasi","status":"publish","type":"page","link":"https:\/\/demetozler.com\/index.php\/icerik-pazarlamasi\/","title":{"rendered":"\u0130\u00e7erik Pazarlamas\u0131"},"content":{"rendered":"<section class=\"wpb-content-wrapper\"><p>[vc_row full_width=&#8221;stretch_row_content_no_spaces&#8221; css=&#8221;.vc_custom_1706703669973{margin-bottom: 0px !important;padding-top: 50px !important;padding-bottom: 100px !important;background-image: url(https:\/\/demetozler.com\/wp-content\/uploads\/2024\/01\/Icerik-Pazarlamasi-bg.jpg?id=1841) !important;}&#8221; el_class=&#8221;text-center slider-moving&#8221;][vc_column css=&#8221;.vc_custom_1539553513442{margin-top: 25px !important;}&#8221; offset=&#8221;vc_col-xs-12&#8243;][vc_custom_heading text=&#8221;\u0130\u00e7erik Pazarlamas\u0131&#8221; font_container=&#8221;tag:h2|font_size:60px|text_align:center|line_height:60px&#8221; use_theme_fonts=&#8221;yes&#8221; css=&#8221;.vc_custom_1706703642832{margin-top: 5px !important;margin-bottom: 20px !important;}&#8221; el_class=&#8221;letter-spacing2px looking-for-heading&#8221;][vc_column_text css=&#8221;.vc_custom_1706703654357{margin-top: 30px !important;}&#8221;]<\/p>\n<p style=\"text-align: center;\">\u0130\u015f ihtiya\u00e7lar\u0131n\u0131za yarat\u0131c\u0131 \u00e7\u00f6z\u00fcmler i\u00e7in s\u00fcrekli \u00e7abal\u0131yoruz.<\/p>\n<p>[\/vc_column_text][\/vc_column][\/vc_row][vc_row css=&#8221;.vc_custom_1706701725923{margin-top: 50px !important;margin-bottom: 55px !important;}&#8221;][vc_column width=&#8221;2\/3&#8243; css=&#8221;.vc_custom_1541546568643{padding-top: 22px !important;}&#8221;]<div class=\"title-subtile-holder text-left\"><h6 class=\"section-title  dark_title\">Hizmetlerimiz<\/h6><h1 class=\"section-subtitle  dark_subtitle\">\u0130\u00e7erik Pazarlamas\u0131<\/h1><p class=\"section-description  light_description\"><\/p><\/div>[vc_empty_space height=&#8221;20px&#8221;][vc_column_text css_animation=&#8221;none&#8221;]Web siteleri, sosyal medyadaki payla\u015f\u0131mlar, tan\u0131t\u0131m videolar\u0131, reklamlar ya da kampanyalar i\u00e7erik olmad\u0131\u011f\u0131 takdirde hedefine ula\u015famaz. \u0130\u00e7erik pazarlamas\u0131 hem dijital pazarlama stratejilerinin bir par\u00e7as\u0131 hem de kesi\u015fim noktas\u0131d\u0131r.<\/p>\n<p>\u0130\u00e7erik, firmalar\u0131n hedef kitlesine hitap edi\u015fidir, kurumsal kimliklerinin bir par\u00e7as\u0131 ve kendilerini ifade ederken se\u00e7tikleri kelimelerdir. Bir nevi, i\u00e7erik firmalara ait sestir. Bu nedenle en net \u015fekilde sergilenmeli ve firmalar\u0131n farkl\u0131l\u0131\u011f\u0131n\u0131 ortaya \u00e7\u0131karmal\u0131d\u0131r.<\/p>\n<p>Demet \u00d6zler Ajans olarak i\u015f ortaklar\u0131m\u0131za en \u00f6zg\u00fcn, en yarat\u0131c\u0131 ve en kendilerine uygun i\u00e7erikler sunuyoruz. \u0130\u015f ortaklar\u0131m\u0131z\u0131n m\u00fc\u015fterilerini analiz ederek sekt\u00f6rel gereksinimler do\u011frultusunda haz\u0131rlad\u0131\u011f\u0131m\u0131z y\u00fczde y\u00fcz \u00f6zg\u00fcn i\u00e7eriklerle web sitelerinin arama motorlar\u0131 sonu\u00e7 sayfalar\u0131ndaki yerlerini y\u00fckseltiyor ve marka bilinirli\u011fini y\u00fckseltiyoruz.[\/vc_column_text][\/vc_column][vc_column width=&#8221;1\/3&#8243; css=&#8221;.vc_custom_1706703182387{padding-top: 50px !important;}&#8221;][vc_single_image image=&#8221;1828&#8243; img_size=&#8221;full&#8221; css=&#8221;.vc_custom_1706703249309{border-radius: 5px !important;}&#8221;][\/vc_column][\/vc_row][vc_row][vc_column width=&#8221;1\/3&#8243;][vc_empty_space height=&#8221;30px&#8221;][vc_single_image image=&#8221;1798&#8243; img_size=&#8221;full&#8221; css=&#8221;.vc_custom_1706701393793{border-radius: 5px !important;}&#8221;][\/vc_column][vc_column width=&#8221;2\/3&#8243;][vc_column_text css_animation=&#8221;none&#8221;]<\/p>\n<h3>\u0130\u00e7erik Pazarlamas\u0131 Hizmetlerimiz<\/h3>\n<p>[\/vc_column_text][vc_column_text css_animation=&#8221;none&#8221;]\u0130\u00e7erik\u00a0pazarlamas\u0131 hizmetlerimizi detayland\u0131rmadan \u00f6nce haz\u0131rl\u0131k s\u00fcrecimizle ilgili k\u0131saca bilgi aktarmak istiyoruz. \u0130\u00e7erik pazarlamas\u0131 hizmetlerimizin ba\u015far\u0131s\u0131n\u0131 maksimum d\u00fczeye \u00e7\u0131karmak i\u00e7in \u00f6ncelikle i\u015f ortaklar\u0131m\u0131z\u0131n kurum k\u00fclt\u00fcrlerini, hedeflerini, hizmet politikalar\u0131n\u0131, rakiplerini ve elbette hedef kitlelerini derinlemesine ara\u015ft\u0131r\u0131yoruz. B\u00f6ylelikle onlara \u00f6zel haz\u0131rlad\u0131\u011f\u0131m\u0131z her bir i\u00e7eri\u011fin amaca hizmet edece\u011finden emin oluyoruz.<\/p>\n<p>\u0130\u00e7eriklerimizde \u00f6zg\u00fcnl\u00fck ve yarat\u0131c\u0131l\u0131k ilkelerini yans\u0131tarak i\u015f ortaklar\u0131m\u0131z\u0131n profesyonelli\u011fini g\u00f6zler \u00f6n\u00fcne seriyoruz. Hedef kitlelerine hitap ettikleri s\u0131ras\u0131nda ciddiyetlerinden, niyetlerinden ya da duru\u015flar\u0131ndan \u015f\u00fcphe duyulmas\u0131na yol a\u00e7acak t\u00fcm yaz\u0131m yanl\u0131\u015flar\u0131ndan, kli\u015felerden ve anlat\u0131m bozukluklar\u0131ndan soyutlan\u0131yoruz.<\/p>\n<p>\u0130\u00e7erik pazarlamas\u0131 hizmetlerimiz kapsam\u0131nda;<\/p>\n<ul>\n<li>Web sitesi i\u00e7erikleri,<\/li>\n<li>Sosyal medya payla\u015f\u0131mlar\u0131,<\/li>\n<li>Tan\u0131t\u0131m video senaryolar\u0131,<\/li>\n<li>\u00dcr\u00fcn ve kategori yaz\u0131lar\u0131,<\/li>\n<li>Katalog i\u00e7erikleri ve<\/li>\n<li>Blog yaz\u0131lar\u0131 \u00fcretiyoruz.<\/li>\n<\/ul>\n<p>[\/vc_column_text][\/vc_column][\/vc_row][vc_row css=&#8221;.vc_custom_1706701675939{margin-top: 10px !important;margin-bottom: 40px !important;}&#8221;][vc_column width=&#8221;3\/4&#8243; css=&#8221;.vc_custom_1541546568643{padding-top: 22px !important;}&#8221;][vc_column_text css_animation=&#8221;none&#8221;]<\/p>\n<h3>\u0130\u00e7erik Pazarlamas\u0131 Hizmetlerimiz Ne \u0130\u015fe Yarar?<\/h3>\n<p>[\/vc_column_text][vc_column_text css_animation=&#8221;none&#8221;]Yarat\u0131c\u0131, \u00f6zg\u00fcn ve ilgi \u00e7ekici i\u00e7eriklerimizle i\u015f ortaklar\u0131m\u0131z hedef kitlelerinin ilgisini \u00e7ekebilirler. \u0130\u00e7eriklerimizin t\u00fcr\u00fc ne olursa olsun potansiyel m\u00fc\u015fterilerinin dikkatinin merkezi haline gelebilir ve onlarla etkile\u015fimlerini artt\u0131rabilirler.<\/p>\n<p>\u0130\u015f ortaklar\u0131m\u0131z\u0131n ihtiya\u00e7lar\u0131na uygun haz\u0131rlad\u0131\u011f\u0131m\u0131z i\u00e7eriklerimiz sayesinde ilham kayna\u011f\u0131 ve takip edilen bir markaya d\u00f6n\u00fc\u015fme s\u00fcre\u00e7lerini h\u0131zland\u0131rabilirler. \u0130\u015f ortaklar\u0131m\u0131z, salt sat\u0131\u015f kayg\u0131s\u0131 d\u00fc\u015fmeden fayda sa\u011flamaya ve dikkat \u00e7ekmeye y\u00f6nelik i\u00e7eriklerimizle sekt\u00f6rlerinde otorite konumuna gelebilirler.<\/p>\n<p>Hedef kitleleri taraf\u0131ndan bilgi almak i\u00e7in ilk ba\u015fvurulan firmalar aras\u0131nda yer almak \u00f6zg\u00fcn i\u00e7eriklerle i\u015ften bile de\u011fildir!<\/p>\n<p>D\u00fczenli eklenen i\u00e7eriklerin GOOGLE taraf\u0131ndan \u00f6nceliklendirildi\u011finden ve organik SEO \u00e7al\u0131\u015fmalar\u0131n\u0131n merkezi oldu\u011fundan bahsetmiyoruz bile!<\/p>\n<p>Dememiz o ki, siz de i\u00e7erik pazarlamas\u0131yla imkans\u0131z oldu\u011funu d\u00fc\u015f\u00fcnd\u00fc\u011f\u00fcn\u00fcz dijital ba\u015far\u0131lara imza atabilirsiniz. Dijital yolda Demet \u00d6zler Ajans ile ba\u015far\u0131lar\u0131 kucaklayabilirsiniz.[\/vc_column_text][\/vc_column][vc_column width=&#8221;1\/4&#8243;][vc_empty_space height=&#8221;30px&#8221;][vc_single_image image=&#8221;1805&#8243; img_size=&#8221;full&#8221; css=&#8221;.vc_custom_1706701799616{border-radius: 5px !important;}&#8221;][\/vc_column][\/vc_row]<\/p>\n<\/section>","protected":false},"excerpt":{"rendered":"<p>[vc_row full_width=&#8221;stretch_row_content_no_spaces&#8221; css=&#8221;.vc_custom_1706703669973{margin-bottom: 0px !important;padding-top: 50px !important;padding-bottom: 100px !important;background-image: url(https:\/\/demetozler.com\/wp-content\/uploads\/2024\/01\/Icerik-Pazarlamasi-bg.jpg?id=1841) !important;}&#8221; el_class=&#8221;text-center slider-moving&#8221;][vc_column css=&#8221;.vc_custom_1539553513442{margin-top: 25px !important;}&#8221; offset=&#8221;vc_col-xs-12&#8243;][vc_custom_heading text=&#8221;\u0130\u00e7erik Pazarlamas\u0131&#8221; font_container=&#8221;tag:h2|font_size:60px|text_align:center|line_height:60px&#8221; use_theme_fonts=&#8221;yes&#8221; css=&#8221;.vc_custom_1706703642832{margin-top: 5px !important;margin-bottom: 20px !important;}&#8221; el_class=&#8221;letter-spacing2px looking-for-heading&#8221;][vc_column_text css=&#8221;.vc_custom_1706703654357{margin-top: 30px !important;}&#8221;] \u0130\u015f ihtiya\u00e7lar\u0131n\u0131za yarat\u0131c\u0131 \u00e7\u00f6z\u00fcmler i\u00e7in s\u00fcrekli \u00e7abal\u0131yoruz. [\/vc_column_text][\/vc_column][\/vc_row][vc_row css=&#8221;.vc_custom_1706701725923{margin-top: 50px !important;margin-bottom: 55px !important;}&#8221;][vc_column width=&#8221;2\/3&#8243; css=&#8221;.vc_custom_1541546568643{padding-top: 22px !important;}&#8221;][vc_empty_space height=&#8221;20px&#8221;][vc_column_text css_animation=&#8221;none&#8221;]Web siteleri, sosyal medyadaki payla\u015f\u0131mlar, tan\u0131t\u0131m [&hellip;]<\/p>\n","protected":false},"author":1,"featured_media":0,"parent":0,"menu_order":0,"comment_status":"closed","ping_status":"closed","template":"","meta":{"footnotes":""},"class_list":["post-1840","page","type-page","status-publish","hentry"],"_links":{"self":[{"href":"https:\/\/demetozler.com\/index.php\/wp-json\/wp\/v2\/pages\/1840","targetHints":{"allow":["GET"]}}],"collection":[{"href":"https:\/\/demetozler.com\/index.php\/wp-json\/wp\/v2\/pages"}],"about":[{"href":"https:\/\/demetozler.com\/index.php\/wp-json\/wp\/v2\/types\/page"}],"author":[{"embeddable":true,"href":"https:\/\/demetozler.com\/index.php\/wp-json\/wp\/v2\/users\/1"}],"replies":[{"embeddable":true,"href":"https:\/\/demetozler.com\/index.php\/wp-json\/wp\/v2\/comments?post=1840"}],"version-history":[{"count":1,"href":"https:\/\/demetozler.com\/index.php\/wp-json\/wp\/v2\/pages\/1840\/revisions"}],"predecessor-version":[{"id":1842,"href":"https:\/\/demetozler.com\/index.php\/wp-json\/wp\/v2\/pages\/1840\/revisions\/1842"}],"wp:attachment":[{"href":"https:\/\/demetozler.com\/index.php\/wp-json\/wp\/v2\/media?parent=1840"}],"curies":[{"name":"wp","href":"https:\/\/api.w.org\/{rel}","templated":true}]}}