{"id":1848,"date":"2024-01-31T15:25:10","date_gmt":"2024-01-31T12:25:10","guid":{"rendered":"https:\/\/demetozler.com\/?page_id=1848"},"modified":"2024-01-31T15:25:37","modified_gmt":"2024-01-31T12:25:37","slug":"medya-takibi","status":"publish","type":"page","link":"https:\/\/demetozler.com\/index.php\/medya-takibi\/","title":{"rendered":"Medya Takibi"},"content":{"rendered":"<section class=\"wpb-content-wrapper\"><p>[vc_row full_width=&#8221;stretch_row_content_no_spaces&#8221; css=&#8221;.vc_custom_1706703907279{margin-bottom: 0px !important;padding-top: 50px !important;padding-bottom: 100px !important;background-image: url(https:\/\/demetozler.com\/wp-content\/uploads\/2024\/01\/Medya-Takibi-Banner-Revize.jpg?id=1849) !important;}&#8221; el_class=&#8221;text-center slider-moving&#8221;][vc_column css=&#8221;.vc_custom_1539553513442{margin-top: 25px !important;}&#8221; offset=&#8221;vc_col-xs-12&#8243;][vc_custom_heading text=&#8221;Medya Takibi&#8221; font_container=&#8221;tag:h2|font_size:60px|text_align:center|line_height:60px&#8221; use_theme_fonts=&#8221;yes&#8221; css=&#8221;.vc_custom_1706703879501{margin-top: 5px !important;margin-bottom: 20px !important;}&#8221; el_class=&#8221;letter-spacing2px looking-for-heading&#8221;][vc_column_text css=&#8221;.vc_custom_1706703889807{margin-top: 30px !important;}&#8221;]<\/p>\n<p style=\"text-align: center;\">\u0130\u015f ihtiya\u00e7lar\u0131n\u0131za yarat\u0131c\u0131 \u00e7\u00f6z\u00fcmler i\u00e7in s\u00fcrekli \u00e7abal\u0131yoruz.<\/p>\n<p>[\/vc_column_text][\/vc_column][\/vc_row][vc_row css=&#8221;.vc_custom_1706701725923{margin-top: 50px !important;margin-bottom: 55px !important;}&#8221;][vc_column width=&#8221;2\/3&#8243; css=&#8221;.vc_custom_1541546568643{padding-top: 22px !important;}&#8221;]<div class=\"title-subtile-holder text-left\"><h6 class=\"section-title  dark_title\">Hizmetlerimiz<\/h6><h1 class=\"section-subtitle  dark_subtitle\">Medya Takibi<\/h1><p class=\"section-description  light_description\"><\/p><\/div>[vc_empty_space height=&#8221;20px&#8221;][vc_column_text css_animation=&#8221;none&#8221;]Medya takibi hizmetlerinin \u00f6nem kazanmas\u0131n\u0131n ard\u0131ndaki en temel unsur firmalar\u0131n ya da bireylerin hedef kitleleri taraf\u0131ndan nas\u0131l alg\u0131lanacaklar\u0131 \u00fczerinde haklar\u0131nda \u00e7\u0131kan haberlerin \u00f6nemli bir etkiye sahip olmas\u0131d\u0131r. Di\u011fer bir deyi\u015fle; medya takibi hizmetleri firmalar i\u00e7in itibar y\u00f6netimi s\u00fcre\u00e7lerinin organik bir par\u00e7as\u0131d\u0131r.<\/p>\n<p>Bir kurumun ya da bir ki\u015finin medyada nas\u0131l lanse edildi\u011fi eri\u015ftikleri ya da eri\u015fmek istedikleri ki\u015filerin g\u00f6z\u00fcndeki imaj\u0131n\u0131 do\u011frudan etkiler. Kimi zaman bir haber \u00e7\u0131kar; bir marka hedef kitlesinin g\u00f6z\u00fcndeki de\u011ferini artt\u0131r\u0131r, kimi zaman bir haber \u00e7\u0131kar; marka t\u00fcm g\u00fcc\u00fcn\u00fc yitirir. Bu denli \u00f6nemli olan medya platformlar\u0131nda y\u0131llard\u0131r, markas\u0131n\u0131 kuvvetlendirmek i\u00e7in \u00e7aba harcayan firmalar dahi zaman i\u00e7erisinde yaratt\u0131klar\u0131 etkiyi kaybedebilirler.<\/p>\n<p>Demet \u00d6zler Ajans olarak biz sundu\u011fumuz t\u00fcm hizmetlerin birbirini tamamlamas\u0131n\u0131 ve desteklemesini hedefliyoruz. Bu nedenle nas\u0131l ki markalar\u0131n kurumsal kimliklerini olu\u015fturuyor, dijital pazarlama \u00e7al\u0131\u015fmalar\u0131n\u0131 \u00fcstleniyor ve marka bilinirliklerini y\u00fckseltmeyi ama\u00e7l\u0131yorsak ayn\u0131 \u015fekilde itibarlar\u0131n\u0131 koruyabilmek i\u00e7in de hizmetler sunuyoruz. Medya takibi hizmetlerimizle i\u015f ortaklar\u0131m\u0131z hakk\u0131nda \u00e7\u0131kan t\u00fcm haberlerin, bilgilerin ve hatta reklamlar\u0131n takibini yaparak g\u00fcndemden haberdar olmalar\u0131n\u0131 sa\u011fl\u0131yoruz.[\/vc_column_text][\/vc_column][vc_column width=&#8221;1\/3&#8243; css=&#8221;.vc_custom_1706703182387{padding-top: 50px !important;}&#8221;][vc_single_image image=&#8221;1828&#8243; img_size=&#8221;full&#8221; css=&#8221;.vc_custom_1706703249309{border-radius: 5px !important;}&#8221;][\/vc_column][\/vc_row][vc_row][vc_column width=&#8221;1\/3&#8243;][vc_empty_space height=&#8221;30px&#8221;][vc_single_image image=&#8221;1798&#8243; img_size=&#8221;full&#8221; css=&#8221;.vc_custom_1706701393793{border-radius: 5px !important;}&#8221;][\/vc_column][vc_column width=&#8221;2\/3&#8243;][vc_column_text css_animation=&#8221;none&#8221;]<\/p>\n<div class=\"wpb_text_column wpb_content_element vc_custom_1599827047747\">\n<div class=\"wpb_wrapper\">\n<h3>Medya Takibi Hizmetlerimiz<\/h3>\n<\/div>\n<\/div>\n<div class=\"wpb_text_column wpb_content_element \">\n<div class=\"wpb_wrapper\">\n<p>Medya takibi hizmetlerimiz kapsam\u0131nda; gazetelerde, dergilerde, dijital medya platformlar\u0131nda, radyo ve TV kanallar\u0131nda i\u015f ortaklar\u0131m\u0131z hakk\u0131nda \u00e7\u0131kan haberleri ve bilgileri topluyor, kaydediyor, raporlay\u0131p sonu\u00e7lar\u0131n\u0131 i\u015f ortaklar\u0131m\u0131zla payla\u015f\u0131yoruz.<\/p>\n<p>Tercihten \u00e7ok zorunluluk hale gelen bu hizmetimizle i\u015f ortaklar\u0131m\u0131z\u0131n i\u015f y\u00fck\u00fcn\u00fc hafifletmeyi ve itibar y\u00f6netimi s\u00fcre\u00e7lerine destek olmay\u0131 hedefliyoruz. Ayn\u0131 zamanda i\u015f ortaklar\u0131m\u0131z\u0131n pazarlama stratejilerini, yeni pazar aray\u0131\u015flar\u0131n\u0131 ve b\u00fcy\u00fcme planlar\u0131n\u0131 ba\u015far\u0131ya ula\u015ft\u0131rabilecek geri bildirimlerin elde edilmesine de katk\u0131 sa\u011fl\u0131yoruz.<\/p>\n<\/div>\n<\/div>\n<p>[\/vc_column_text][\/vc_column][\/vc_row][vc_row css=&#8221;.vc_custom_1706701675939{margin-top: 10px !important;margin-bottom: 40px !important;}&#8221;][vc_column width=&#8221;3\/4&#8243; css=&#8221;.vc_custom_1541546568643{padding-top: 22px !important;}&#8221;][vc_column_text css_animation=&#8221;none&#8221;]<\/p>\n<div class=\"wpb_text_column wpb_content_element vc_custom_1599827066909\">\n<div class=\"wpb_wrapper\">\n<h3>Medya Takibi Hizmetlerimiz Ne \u0130\u015fe Yarar?<\/h3>\n<\/div>\n<\/div>\n<div class=\"wpb_text_column wpb_content_element \">\n<div class=\"wpb_wrapper\">\n<p>Medya takibi hizmetlerimizdeki kusursuzluk ve h\u0131z sayesinde i\u015f ortaklar\u0131m\u0131z\u0131n itibar y\u00f6netimi s\u00fcre\u00e7leri i\u00e7in \u00f6nemli veriler sunar\u0131z. Haklar\u0131nda \u00e7\u0131kan itibar destekleyici ya da itibarlar\u0131na zarar verme potansiyeli ta\u015f\u0131yan haberler kar\u015f\u0131s\u0131nda atacaklar\u0131 ad\u0131mlar\u0131n somut dayanaklar\u0131n\u0131 sunar\u0131z.<\/p>\n<p>Hedef kitlelerinin g\u00f6z\u00fcnde y\u0131llard\u0131r edinmeye \u00e7al\u0131\u015ft\u0131klar\u0131 izlenimi kaybetme risklerini minimize eder, haklar\u0131nda \u00e7\u0131kan haberleri h\u0131zl\u0131 bir \u015fekilde kendilerine ileterek kar\u015f\u0131 hamlede bulunma \u015fanslar\u0131n\u0131 artt\u0131r\u0131r\u0131z. Kurumsal pazarlama ve tan\u0131t\u0131m faaliyetlerine de dayanak olu\u015fturacak kapsaml\u0131 raporlar\u0131m\u0131zla firmalar\u0131n stratejilerinin do\u011fru kurgulanmas\u0131na yard\u0131mc\u0131 oluruz.<\/p>\n<\/div>\n<\/div>\n<p>[\/vc_column_text][\/vc_column][vc_column width=&#8221;1\/4&#8243;][vc_empty_space height=&#8221;30px&#8221;][vc_single_image image=&#8221;1805&#8243; img_size=&#8221;full&#8221; css=&#8221;.vc_custom_1706701799616{border-radius: 5px !important;}&#8221;][\/vc_column][\/vc_row]<\/p>\n<\/section>","protected":false},"excerpt":{"rendered":"<p>[vc_row full_width=&#8221;stretch_row_content_no_spaces&#8221; css=&#8221;.vc_custom_1706703907279{margin-bottom: 0px !important;padding-top: 50px !important;padding-bottom: 100px !important;background-image: url(https:\/\/demetozler.com\/wp-content\/uploads\/2024\/01\/Medya-Takibi-Banner-Revize.jpg?id=1849) !important;}&#8221; el_class=&#8221;text-center slider-moving&#8221;][vc_column css=&#8221;.vc_custom_1539553513442{margin-top: 25px !important;}&#8221; offset=&#8221;vc_col-xs-12&#8243;][vc_custom_heading text=&#8221;Medya Takibi&#8221; font_container=&#8221;tag:h2|font_size:60px|text_align:center|line_height:60px&#8221; use_theme_fonts=&#8221;yes&#8221; css=&#8221;.vc_custom_1706703879501{margin-top: 5px !important;margin-bottom: 20px !important;}&#8221; el_class=&#8221;letter-spacing2px looking-for-heading&#8221;][vc_column_text css=&#8221;.vc_custom_1706703889807{margin-top: 30px !important;}&#8221;] \u0130\u015f ihtiya\u00e7lar\u0131n\u0131za yarat\u0131c\u0131 \u00e7\u00f6z\u00fcmler i\u00e7in s\u00fcrekli \u00e7abal\u0131yoruz. [\/vc_column_text][\/vc_column][\/vc_row][vc_row css=&#8221;.vc_custom_1706701725923{margin-top: 50px !important;margin-bottom: 55px !important;}&#8221;][vc_column width=&#8221;2\/3&#8243; css=&#8221;.vc_custom_1541546568643{padding-top: 22px !important;}&#8221;][vc_empty_space height=&#8221;20px&#8221;][vc_column_text css_animation=&#8221;none&#8221;]Medya takibi hizmetlerinin \u00f6nem kazanmas\u0131n\u0131n ard\u0131ndaki [&hellip;]<\/p>\n","protected":false},"author":1,"featured_media":0,"parent":0,"menu_order":0,"comment_status":"closed","ping_status":"closed","template":"","meta":{"footnotes":""},"class_list":["post-1848","page","type-page","status-publish","hentry"],"_links":{"self":[{"href":"https:\/\/demetozler.com\/index.php\/wp-json\/wp\/v2\/pages\/1848","targetHints":{"allow":["GET"]}}],"collection":[{"href":"https:\/\/demetozler.com\/index.php\/wp-json\/wp\/v2\/pages"}],"about":[{"href":"https:\/\/demetozler.com\/index.php\/wp-json\/wp\/v2\/types\/page"}],"author":[{"embeddable":true,"href":"https:\/\/demetozler.com\/index.php\/wp-json\/wp\/v2\/users\/1"}],"replies":[{"embeddable":true,"href":"https:\/\/demetozler.com\/index.php\/wp-json\/wp\/v2\/comments?post=1848"}],"version-history":[{"count":2,"href":"https:\/\/demetozler.com\/index.php\/wp-json\/wp\/v2\/pages\/1848\/revisions"}],"predecessor-version":[{"id":1851,"href":"https:\/\/demetozler.com\/index.php\/wp-json\/wp\/v2\/pages\/1848\/revisions\/1851"}],"wp:attachment":[{"href":"https:\/\/demetozler.com\/index.php\/wp-json\/wp\/v2\/media?parent=1848"}],"curies":[{"name":"wp","href":"https:\/\/api.w.org\/{rel}","templated":true}]}}