{"id":1853,"date":"2024-01-31T15:27:29","date_gmt":"2024-01-31T12:27:29","guid":{"rendered":"https:\/\/demetozler.com\/?page_id=1853"},"modified":"2024-01-31T15:27:29","modified_gmt":"2024-01-31T12:27:29","slug":"medya-satin-alma","status":"publish","type":"page","link":"https:\/\/demetozler.com\/index.php\/medya-satin-alma\/","title":{"rendered":"Medya Sat\u0131n Alma"},"content":{"rendered":"<section class=\"wpb-content-wrapper\"><p>[vc_row full_width=&#8221;stretch_row_content_no_spaces&#8221; css=&#8221;.vc_custom_1706704018136{margin-bottom: 0px !important;padding-top: 50px !important;padding-bottom: 100px !important;background-image: url(https:\/\/demetozler.com\/wp-content\/uploads\/2024\/01\/Medya-Satin-Alma-bg.jpg?id=1854) !important;}&#8221; el_class=&#8221;text-center slider-moving&#8221;][vc_column css=&#8221;.vc_custom_1539553513442{margin-top: 25px !important;}&#8221; offset=&#8221;vc_col-xs-12&#8243;][vc_custom_heading text=&#8221;Medya Sat\u0131n Alma&#8221; font_container=&#8221;tag:h2|font_size:60px|text_align:center|line_height:60px&#8221; use_theme_fonts=&#8221;yes&#8221; css=&#8221;.vc_custom_1706703992864{margin-top: 5px !important;margin-bottom: 20px !important;}&#8221; el_class=&#8221;letter-spacing2px looking-for-heading&#8221;][vc_column_text css=&#8221;.vc_custom_1706703889807{margin-top: 30px !important;}&#8221;]<\/p>\n<p style=\"text-align: center;\">\u0130\u015f ihtiya\u00e7lar\u0131n\u0131za yarat\u0131c\u0131 \u00e7\u00f6z\u00fcmler i\u00e7in s\u00fcrekli \u00e7abal\u0131yoruz.<\/p>\n<p>[\/vc_column_text][\/vc_column][\/vc_row][vc_row css=&#8221;.vc_custom_1706701725923{margin-top: 50px !important;margin-bottom: 55px !important;}&#8221;][vc_column width=&#8221;2\/3&#8243; css=&#8221;.vc_custom_1541546568643{padding-top: 22px !important;}&#8221;]<div class=\"title-subtile-holder text-left\"><h6 class=\"section-title  dark_title\">Hizmetlerimiz<\/h6><h1 class=\"section-subtitle  dark_subtitle\">Medya Sat\u0131n Alma<\/h1><p class=\"section-description  light_description\"><\/p><\/div>[vc_empty_space height=&#8221;20px&#8221;][vc_column_text css_animation=&#8221;none&#8221;]Her ne kadar dijital pazarlama y\u00f6ntemleri firmalar\u0131n reklam yapmalar\u0131 ad\u0131na etkisini g\u00fc\u00e7lendirse de gazete ve dergi reklamlar\u0131 da \u00f6nemini korumaya devam ediyor. T\u00fcm markalar i\u00e7in hitap ettikleri kitlelere ula\u015fma y\u00f6ntemleri \u00e7e\u015fitlenirken do\u011fru kanallar\u0131 bulma s\u00fcre\u00e7leri zorla\u015f\u0131yor. Medya sat\u0131n alma hizmeti marka konumland\u0131rmas\u0131n\u0131n \u00f6nemli bir unsuru olmaya devam ederken bu hizmette deneyim ve analiz s\u00fcre\u00e7leri fark yaratmay\u0131 ba\u015far\u0131yor.<\/p>\n<p>Demet \u00d6zler Ajans olarak y\u0131llar\u0131n verdi\u011fi deneyimle i\u015f ortaklar\u0131m\u0131z\u0131n medya sat\u0131n alma s\u00fcre\u00e7lerini y\u00f6netiyoruz. Gazete ve\/veya dergilerde yer alacak reklamlar\u0131n en etkili \u015fekilde hedeflenen kitleye eri\u015fmesinin en ekonomik \u00e7\u00f6z\u00fcmlerini i\u015f ortaklar\u0131m\u0131zla bulu\u015fturuyoruz. \u0130\u015f ortaklar\u0131m\u0131zla ilgili reklamlar\u0131n hangi platformlarda, ne zaman, nas\u0131l ve hangi \u015fartlar alt\u0131nda yay\u0131mlan\u0131rsa en b\u00fcy\u00fck katk\u0131y\u0131 sa\u011flayaca\u011f\u0131 hakk\u0131nda verdi\u011fimiz dan\u0131\u015fmanl\u0131klarla klasik medya ara\u00e7lar\u0131ndan sa\u011flanan katk\u0131y\u0131 artt\u0131rmaya \u00e7al\u0131\u015f\u0131yoruz.[\/vc_column_text][\/vc_column][vc_column width=&#8221;1\/3&#8243; css=&#8221;.vc_custom_1706703182387{padding-top: 50px !important;}&#8221;][vc_single_image image=&#8221;1828&#8243; img_size=&#8221;full&#8221; css=&#8221;.vc_custom_1706703249309{border-radius: 5px !important;}&#8221;][\/vc_column][\/vc_row][vc_row][vc_column width=&#8221;1\/3&#8243;][vc_empty_space height=&#8221;30px&#8221;][vc_single_image image=&#8221;1798&#8243; img_size=&#8221;full&#8221; css=&#8221;.vc_custom_1706701393793{border-radius: 5px !important;}&#8221;][\/vc_column][vc_column width=&#8221;2\/3&#8243;][vc_column_text css_animation=&#8221;none&#8221;]<\/p>\n<div class=\"wpb_text_column wpb_content_element vc_custom_1599827047747\">\n<div class=\"wpb_wrapper\">\n<div class=\"wpb_text_column wpb_content_element vc_custom_1599827143994\">\n<div class=\"wpb_wrapper\">\n<h3>Medya Sat\u0131n Alma Hizmetlerimiz<\/h3>\n<\/div>\n<\/div>\n<div class=\"wpb_text_column wpb_content_element \">\n<div class=\"wpb_wrapper\">\n<p>Medya sat\u0131n alma hizmetlerimizi medya planlama s\u00fcre\u00e7lerinden ay\u0131rm\u0131yoruz. \u0130\u015f ortaklar\u0131m\u0131z\u0131n pazarlamas\u0131n\u0131 yapmak istedikleri \u00fcr\u00fcn ya da hizmet \u00e7e\u015fidinin hedef kitlesine do\u011fru kanallardan ula\u015fmas\u0131n\u0131 sa\u011flayarak yarataca\u011f\u0131 etkiyi artt\u0131rmak i\u00e7in detayl\u0131 ara\u015ft\u0131rmalar ger\u00e7ekle\u015ftiriyoruz.<\/p>\n<p>M\u00fcmk\u00fcn oldu\u011funca ekonomik b\u00fct\u00e7eli teklifler haz\u0131rl\u0131yor, i\u015f ortaklar\u0131m\u0131z\u0131 do\u011fru yans\u0131tabilmek i\u00e7in beklentilerini ve ama\u00e7lar\u0131n\u0131 \u00f6\u011freniyor, hedef kitlelerinin sat\u0131n alma dinamiklerini ara\u015ft\u0131rd\u0131ktan sonra hizmetlerimizi somutla\u015ft\u0131r\u0131yoruz.<\/p>\n<p>Medya planlamas\u0131 s\u00fcre\u00e7leri sonucunda elde etti\u011fimiz veriler \u0131\u015f\u0131\u011f\u0131nda i\u015f ortaklar\u0131m\u0131z\u0131 y\u00f6nlendiriyor, kendilerine maksimum geri d\u00f6n\u00fc\u015f alabilecekleri alternatifleri sunuyor ve son olarak medya sat\u0131n alma hizmetimizi devreye sokarak geri bildirimleri raporluyoruz.<\/p>\n<\/div>\n<\/div>\n<\/div>\n<\/div>\n<p>[\/vc_column_text][\/vc_column][\/vc_row][vc_row css=&#8221;.vc_custom_1706701675939{margin-top: 10px !important;margin-bottom: 40px !important;}&#8221;][vc_column width=&#8221;3\/4&#8243; css=&#8221;.vc_custom_1541546568643{padding-top: 22px !important;}&#8221;][vc_column_text css_animation=&#8221;none&#8221;]<\/p>\n<div class=\"wpb_text_column wpb_content_element vc_custom_1599827066909\">\n<div class=\"wpb_wrapper\">\n<div class=\"wpb_text_column wpb_content_element vc_custom_1599827160351\">\n<div class=\"wpb_wrapper\">\n<h3>Medya Sat\u0131n Alma Hizmetlerimiz Ne \u0130\u015fe Yarar?<\/h3>\n<\/div>\n<\/div>\n<div class=\"wpb_text_column wpb_content_element \">\n<div class=\"wpb_wrapper\">\n<p>Medya sat\u0131n alma hizmetlerimizdeki temel motivasyonumuz i\u015f ortaklar\u0131m\u0131z\u0131n hedef kitleleriyle bulu\u015fmas\u0131n\u0131 sa\u011flamak ve ama\u00e7lar\u0131na eri\u015fmeleri i\u00e7in gerekli kanallar\u0131 kendileri i\u00e7in seferber edebilmektir. Markalar\u0131n bilinirli\u011finin artt\u0131r\u0131lmas\u0131, itibarlar\u0131n\u0131n y\u00f6netilmesi, sat\u0131\u015flar\u0131n\u0131n \u00e7o\u011falt\u0131lmas\u0131, m\u00fc\u015fterilerinin sadakatlerinin kazan\u0131lmas\u0131 ve mesajlar\u0131n\u0131n do\u011fru iletilmesi i\u00e7in olduk\u00e7a etkili olan bu hizmetimizle i\u015f ortaklar\u0131m\u0131z\u0131n rakiplerinin aras\u0131ndan s\u0131yr\u0131lmas\u0131n\u0131 kolayla\u015ft\u0131r\u0131yoruz.<\/p>\n<p>Dijital pazarlaman\u0131n g\u00f6lgesinde kalmamay\u0131 ba\u015faran gazete ve dergi gibi kanallar\u0131 en verimli \u015fekilde kullanarak i\u015f ortaklar\u0131m\u0131za ekonomik, etkili, sonu\u00e7 odakl\u0131 ve fark yaratmalar\u0131n\u0131 sa\u011flayacak \u00e7\u00f6z\u00fcmler sunuyoruz. Reklamlar\u0131n olu\u015fturulmas\u0131, platform se\u00e7imi, yay\u0131mlanma zaman\u0131 ve daha bir\u00e7ok s\u00fcre\u00e7te i\u015f ortaklar\u0131m\u0131zla dirsek temas\u0131m\u0131z\u0131 koruyarak k\u0131sa s\u00fcrede olumlu geribildirimler almak i\u00e7in \u00e7al\u0131\u015f\u0131yoruz.<\/p>\n<\/div>\n<\/div>\n<\/div>\n<\/div>\n<p>[\/vc_column_text][\/vc_column][vc_column width=&#8221;1\/4&#8243;][vc_empty_space height=&#8221;30px&#8221;][vc_single_image image=&#8221;1805&#8243; img_size=&#8221;full&#8221; css=&#8221;.vc_custom_1706701799616{border-radius: 5px !important;}&#8221;][\/vc_column][\/vc_row]<\/p>\n<\/section>","protected":false},"excerpt":{"rendered":"<p>[vc_row full_width=&#8221;stretch_row_content_no_spaces&#8221; css=&#8221;.vc_custom_1706704018136{margin-bottom: 0px !important;padding-top: 50px !important;padding-bottom: 100px !important;background-image: url(https:\/\/demetozler.com\/wp-content\/uploads\/2024\/01\/Medya-Satin-Alma-bg.jpg?id=1854) !important;}&#8221; el_class=&#8221;text-center slider-moving&#8221;][vc_column css=&#8221;.vc_custom_1539553513442{margin-top: 25px !important;}&#8221; offset=&#8221;vc_col-xs-12&#8243;][vc_custom_heading text=&#8221;Medya Sat\u0131n Alma&#8221; font_container=&#8221;tag:h2|font_size:60px|text_align:center|line_height:60px&#8221; use_theme_fonts=&#8221;yes&#8221; css=&#8221;.vc_custom_1706703992864{margin-top: 5px !important;margin-bottom: 20px !important;}&#8221; el_class=&#8221;letter-spacing2px looking-for-heading&#8221;][vc_column_text css=&#8221;.vc_custom_1706703889807{margin-top: 30px !important;}&#8221;] \u0130\u015f ihtiya\u00e7lar\u0131n\u0131za yarat\u0131c\u0131 \u00e7\u00f6z\u00fcmler i\u00e7in s\u00fcrekli \u00e7abal\u0131yoruz. [\/vc_column_text][\/vc_column][\/vc_row][vc_row css=&#8221;.vc_custom_1706701725923{margin-top: 50px !important;margin-bottom: 55px !important;}&#8221;][vc_column width=&#8221;2\/3&#8243; css=&#8221;.vc_custom_1541546568643{padding-top: 22px !important;}&#8221;][vc_empty_space height=&#8221;20px&#8221;][vc_column_text css_animation=&#8221;none&#8221;]Her ne kadar dijital pazarlama [&hellip;]<\/p>\n","protected":false},"author":1,"featured_media":0,"parent":0,"menu_order":0,"comment_status":"closed","ping_status":"closed","template":"","meta":{"footnotes":""},"class_list":["post-1853","page","type-page","status-publish","hentry"],"_links":{"self":[{"href":"https:\/\/demetozler.com\/index.php\/wp-json\/wp\/v2\/pages\/1853","targetHints":{"allow":["GET"]}}],"collection":[{"href":"https:\/\/demetozler.com\/index.php\/wp-json\/wp\/v2\/pages"}],"about":[{"href":"https:\/\/demetozler.com\/index.php\/wp-json\/wp\/v2\/types\/page"}],"author":[{"embeddable":true,"href":"https:\/\/demetozler.com\/index.php\/wp-json\/wp\/v2\/users\/1"}],"replies":[{"embeddable":true,"href":"https:\/\/demetozler.com\/index.php\/wp-json\/wp\/v2\/comments?post=1853"}],"version-history":[{"count":1,"href":"https:\/\/demetozler.com\/index.php\/wp-json\/wp\/v2\/pages\/1853\/revisions"}],"predecessor-version":[{"id":1855,"href":"https:\/\/demetozler.com\/index.php\/wp-json\/wp\/v2\/pages\/1853\/revisions\/1855"}],"wp:attachment":[{"href":"https:\/\/demetozler.com\/index.php\/wp-json\/wp\/v2\/media?parent=1853"}],"curies":[{"name":"wp","href":"https:\/\/api.w.org\/{rel}","templated":true}]}}