{"id":1858,"date":"2024-01-31T15:29:07","date_gmt":"2024-01-31T12:29:07","guid":{"rendered":"https:\/\/demetozler.com\/?page_id=1858"},"modified":"2024-01-31T15:29:07","modified_gmt":"2024-01-31T12:29:07","slug":"basin-danismanligi","status":"publish","type":"page","link":"https:\/\/demetozler.com\/index.php\/basin-danismanligi\/","title":{"rendered":"Bas\u0131n Dan\u0131\u015fmanl\u0131\u011f\u0131"},"content":{"rendered":"<section class=\"wpb-content-wrapper\"><p>[vc_row full_width=&#8221;stretch_row_content_no_spaces&#8221; css=&#8221;.vc_custom_1706704107234{margin-bottom: 0px !important;padding-top: 50px !important;padding-bottom: 100px !important;background-image: url(https:\/\/demetozler.com\/wp-content\/uploads\/2024\/01\/Basin-Danismanligi-bg.jpg?id=1859) !important;}&#8221; el_class=&#8221;text-center slider-moving&#8221;][vc_column css=&#8221;.vc_custom_1539553513442{margin-top: 25px !important;}&#8221; offset=&#8221;vc_col-xs-12&#8243;][vc_custom_heading text=&#8221;Bas\u0131n Dan\u0131\u015fmanl\u0131\u011f\u0131&#8221; font_container=&#8221;tag:h2|font_size:60px|text_align:center|line_height:60px&#8221; use_theme_fonts=&#8221;yes&#8221; css=&#8221;.vc_custom_1706704115778{margin-top: 5px !important;margin-bottom: 20px !important;}&#8221; el_class=&#8221;letter-spacing2px looking-for-heading&#8221;][vc_column_text css=&#8221;.vc_custom_1706703889807{margin-top: 30px !important;}&#8221;]<\/p>\n<p style=\"text-align: center;\">\u0130\u015f ihtiya\u00e7lar\u0131n\u0131za yarat\u0131c\u0131 \u00e7\u00f6z\u00fcmler i\u00e7in s\u00fcrekli \u00e7abal\u0131yoruz.<\/p>\n<p>[\/vc_column_text][\/vc_column][\/vc_row][vc_row css=&#8221;.vc_custom_1706701725923{margin-top: 50px !important;margin-bottom: 55px !important;}&#8221;][vc_column width=&#8221;2\/3&#8243; css=&#8221;.vc_custom_1541546568643{padding-top: 22px !important;}&#8221;]<div class=\"title-subtile-holder text-left\"><h6 class=\"section-title  dark_title\">Hizmetlerimiz<\/h6><h1 class=\"section-subtitle  dark_subtitle\">Bas\u0131n Dan\u0131\u015fmanl\u0131\u011f\u0131<\/h1><p class=\"section-description  light_description\"><\/p><\/div>[vc_empty_space height=&#8221;20px&#8221;][vc_column_text css_animation=&#8221;none&#8221;]Haber ak\u0131\u015f\u0131n\u0131n h\u0131zla yay\u0131ld\u0131\u011f\u0131, toplumsal fark\u0131ndal\u0131\u011f\u0131n zirvelerinin ya\u015fand\u0131\u011f\u0131 ve bilgiye eri\u015fimin l\u00fcks olmaktan \u00e7\u0131kt\u0131\u011f\u0131 bir d\u00f6nemde ya\u015f\u0131yoruz. G\u00fcn\u00fcm\u00fczde \u015firketlerin yaln\u0131zca en kaliteli ve en \u00f6zg\u00fcn \u00fcr\u00fcn veya hizmetleri sunmalar\u0131 marka bilinirli\u011fini tek ba\u015f\u0131na artt\u0131rmaya yetmiyor. Hedef kitlelerinin fark\u0131ndal\u0131\u011f\u0131n\u0131 kazanan, ad\u0131n\u0131 duyuran ve \u201cNeden\u201d tercih edilmeleri gerekti\u011fini do\u011fru ifade edebilen firmalar \u00f6n plana \u00e7\u0131k\u0131yor.<\/p>\n<p>Demet \u00d6zler Ajans olarak biz, i\u015f ortaklar\u0131m\u0131z\u0131 bas\u0131n\u0131n potansiyel g\u00fcc\u00fcyle bulu\u015fturuyoruz. Her i\u015f orta\u011f\u0131m\u0131za \u00f6zel \u00e7\u00f6z\u00fcmler \u00fcretebilmek ad\u0131na kendileriyle detayl\u0131 g\u00f6r\u00fc\u015fmeler yap\u0131yor, kurum vizyonlar\u0131n\u0131 ve hedeflerini \u00f6\u011freniyor, hedef kitlelerini tan\u0131y\u0131p analiz ederek i\u015f ortaklar\u0131m\u0131z\u0131n tan\u0131t\u0131mlar\u0131n\u0131 bas\u0131n kanal\u0131yla da ger\u00e7ekle\u015ftiriyoruz.[\/vc_column_text][\/vc_column][vc_column width=&#8221;1\/3&#8243; css=&#8221;.vc_custom_1706703182387{padding-top: 50px !important;}&#8221;][vc_single_image image=&#8221;1828&#8243; img_size=&#8221;full&#8221; css=&#8221;.vc_custom_1706703249309{border-radius: 5px !important;}&#8221;][\/vc_column][\/vc_row][vc_row][vc_column width=&#8221;1\/3&#8243;][vc_empty_space height=&#8221;30px&#8221;][vc_single_image image=&#8221;1798&#8243; img_size=&#8221;full&#8221; css=&#8221;.vc_custom_1706701393793{border-radius: 5px !important;}&#8221;][\/vc_column][vc_column width=&#8221;2\/3&#8243;][vc_column_text css_animation=&#8221;none&#8221;]<\/p>\n<div class=\"wpb_text_column wpb_content_element vc_custom_1599827047747\">\n<div class=\"wpb_wrapper\">\n<div class=\"wpb_text_column wpb_content_element vc_custom_1599827240694\">\n<div class=\"wpb_wrapper\">\n<h3>Bas\u0131n Dan\u0131\u015fmanl\u0131\u011f\u0131 Hizmetlerimiz<\/h3>\n<\/div>\n<\/div>\n<div class=\"wpb_text_column wpb_content_element \">\n<div class=\"wpb_wrapper\">\n<p>Bas\u0131n dan\u0131\u015fmanl\u0131\u011f\u0131 hizmetlerimizi kapsaml\u0131 bir \u015fekilde ele alarak kurguluyor ve her bir i\u015f orta\u011f\u0131m\u0131z\u0131n ihtiya\u00e7lar\u0131na y\u00f6nelik \u00e7\u00f6z\u00fcmler \u00fcretiyoruz. Bireysel ya da kurumsal i\u015f ortaklar\u0131m\u0131z\u0131n haberlerinin haz\u0131rlanmas\u0131, haberlerinin sunulmas\u0131, yay\u0131mlanmas\u0131 gibi somut hizmetlerimizi marka imaj\u0131n\u0131 iyile\u015ftirmeye y\u00f6nelik i\u00e7eriklerimiz ve dan\u0131\u015fmanl\u0131\u011f\u0131m\u0131zla destekliyoruz.<\/p>\n<p>Hizmetlerimizin amac\u0131na ula\u015fabilmesi i\u00e7in bas\u0131n dan\u0131\u015fmanl\u0131\u011f\u0131 hizmeti verdi\u011fimiz t\u00fcm i\u015f ortaklar\u0131m\u0131z\u0131n beklentilerini, hedeflerini ve nihai ama\u00e7lar\u0131n\u0131 \u00f6\u011frendikten sonra harekete ge\u00e7erek \u00f6l\u00e7\u00fclebilir katk\u0131lar sa\u011flad\u0131\u011f\u0131m\u0131z \u00e7al\u0131\u015fmalar\u0131m\u0131z\u0131 ba\u015flat\u0131yoruz.<\/p>\n<p>\u0130\u015f ortaklar\u0131m\u0131z\u0131n haberlerini \u00fcretiyor, takip s\u00fcrecini y\u00f6netiyor ve d\u00f6nemsel raporlar haz\u0131rlayarak \u00e7al\u0131\u015fmalar\u0131m\u0131z\u0131n etkisini g\u00f6zler \u00f6n\u00fcne seriyoruz. Demet \u00d6zler Ajans olarak t\u00fcm hizmetlerimizdeki \u015feffafl\u0131k ilkesini bas\u0131n dan\u0131\u015fmanl\u0131\u011f\u0131 verdi\u011fimiz zamanlarda da yans\u0131tarak i\u015fbirli\u011fi ile g\u00fc\u00e7lenen uzun s\u00fcreli i\u015f ortakl\u0131klar\u0131 kuruyoruz.<\/p>\n<\/div>\n<\/div>\n<\/div>\n<\/div>\n<p>[\/vc_column_text][\/vc_column][\/vc_row][vc_row css=&#8221;.vc_custom_1706701675939{margin-top: 10px !important;margin-bottom: 40px !important;}&#8221;][vc_column width=&#8221;3\/4&#8243; css=&#8221;.vc_custom_1541546568643{padding-top: 22px !important;}&#8221;][vc_column_text css_animation=&#8221;none&#8221;]<\/p>\n<div class=\"wpb_text_column wpb_content_element vc_custom_1599827066909\">\n<div class=\"wpb_wrapper\">\n<div class=\"wpb_text_column wpb_content_element vc_custom_1599827256693\">\n<div class=\"wpb_wrapper\">\n<h3>Bas\u0131n Dan\u0131\u015fmanl\u0131\u011f\u0131 Hizmetlerimiz Ne \u0130\u015fe Yarar?<\/h3>\n<\/div>\n<\/div>\n<div class=\"wpb_text_column wpb_content_element \">\n<div class=\"wpb_wrapper\">\n<p>Bas\u0131n dan\u0131\u015fmanl\u0131\u011f\u0131n\u0131n k\u00fc\u00e7\u00fck, orta ve b\u00fcy\u00fck \u015firketlere say\u0131s\u0131z avantaj\u0131 bulunur. Haberlerinin yerel ve ulusal medyada yay\u0131mlanmas\u0131, internet haberlerinin geni\u015f bir hedef kitleye eri\u015febilme potansiyeli i\u015f ortaklar\u0131m\u0131za marka bilinirli\u011fi olarak geri d\u00f6ner.<\/p>\n<p>Bas\u0131nda haberleri \u00e7\u0131kan i\u015fletmeler hedef kitlelerinin g\u00f6z\u00fcnde \u201cdaha g\u00fcvenilir\u201d olduklar\u0131 alg\u0131s\u0131 yaratabilirler ve ayn\u0131 zamanda dijital platformlarda yap\u0131lan payla\u015f\u0131mlar\u0131n da etkisiyle sekt\u00f6rlerinde otorite olarak kabul edilmeye ba\u015flarlar.<\/p>\n<p>Verdi\u011fimiz t\u00fcm hizmetlerde oldu\u011fu gibi bas\u0131n dan\u0131\u015fmanl\u0131\u011f\u0131 hizmetimizde de temel ama\u00e7 i\u015f ortaklar\u0131m\u0131z\u0131n marka mesajlar\u0131n\u0131 en do\u011fru \u015fekilde iletmek ve akabinde ba\u015far\u0131lar\u0131n\u0131 artt\u0131rmakt\u0131r. Bas\u0131n dan\u0131\u015fmanl\u0131\u011f\u0131 hizmetlerimizle; marka imajlar\u0131 iyile\u015fen, marka bilinirlikleri y\u00fckselen ve hedef kitlelerinin g\u00f6z\u00fcnde g\u00fcvenilir seviyeye eri\u015fen i\u015f ortaklar\u0131m\u0131z\u0131n ba\u015far\u0131s\u0131na katk\u0131da bulunmay\u0131 ama\u00e7lar\u0131z.<\/p>\n<\/div>\n<\/div>\n<\/div>\n<\/div>\n<p>[\/vc_column_text][\/vc_column][vc_column width=&#8221;1\/4&#8243;][vc_empty_space height=&#8221;30px&#8221;][vc_single_image image=&#8221;1805&#8243; img_size=&#8221;full&#8221; css=&#8221;.vc_custom_1706701799616{border-radius: 5px !important;}&#8221;][\/vc_column][\/vc_row]<\/p>\n<\/section>","protected":false},"excerpt":{"rendered":"<p>[vc_row full_width=&#8221;stretch_row_content_no_spaces&#8221; css=&#8221;.vc_custom_1706704107234{margin-bottom: 0px !important;padding-top: 50px !important;padding-bottom: 100px !important;background-image: url(https:\/\/demetozler.com\/wp-content\/uploads\/2024\/01\/Basin-Danismanligi-bg.jpg?id=1859) !important;}&#8221; el_class=&#8221;text-center slider-moving&#8221;][vc_column css=&#8221;.vc_custom_1539553513442{margin-top: 25px !important;}&#8221; offset=&#8221;vc_col-xs-12&#8243;][vc_custom_heading text=&#8221;Bas\u0131n Dan\u0131\u015fmanl\u0131\u011f\u0131&#8221; font_container=&#8221;tag:h2|font_size:60px|text_align:center|line_height:60px&#8221; use_theme_fonts=&#8221;yes&#8221; css=&#8221;.vc_custom_1706704115778{margin-top: 5px !important;margin-bottom: 20px !important;}&#8221; el_class=&#8221;letter-spacing2px looking-for-heading&#8221;][vc_column_text css=&#8221;.vc_custom_1706703889807{margin-top: 30px !important;}&#8221;] \u0130\u015f ihtiya\u00e7lar\u0131n\u0131za yarat\u0131c\u0131 \u00e7\u00f6z\u00fcmler i\u00e7in s\u00fcrekli \u00e7abal\u0131yoruz. [\/vc_column_text][\/vc_column][\/vc_row][vc_row css=&#8221;.vc_custom_1706701725923{margin-top: 50px !important;margin-bottom: 55px !important;}&#8221;][vc_column width=&#8221;2\/3&#8243; css=&#8221;.vc_custom_1541546568643{padding-top: 22px !important;}&#8221;][vc_empty_space height=&#8221;20px&#8221;][vc_column_text css_animation=&#8221;none&#8221;]Haber ak\u0131\u015f\u0131n\u0131n h\u0131zla yay\u0131ld\u0131\u011f\u0131, toplumsal fark\u0131ndal\u0131\u011f\u0131n [&hellip;]<\/p>\n","protected":false},"author":1,"featured_media":0,"parent":0,"menu_order":0,"comment_status":"closed","ping_status":"closed","template":"","meta":{"footnotes":""},"class_list":["post-1858","page","type-page","status-publish","hentry"],"_links":{"self":[{"href":"https:\/\/demetozler.com\/index.php\/wp-json\/wp\/v2\/pages\/1858","targetHints":{"allow":["GET"]}}],"collection":[{"href":"https:\/\/demetozler.com\/index.php\/wp-json\/wp\/v2\/pages"}],"about":[{"href":"https:\/\/demetozler.com\/index.php\/wp-json\/wp\/v2\/types\/page"}],"author":[{"embeddable":true,"href":"https:\/\/demetozler.com\/index.php\/wp-json\/wp\/v2\/users\/1"}],"replies":[{"embeddable":true,"href":"https:\/\/demetozler.com\/index.php\/wp-json\/wp\/v2\/comments?post=1858"}],"version-history":[{"count":1,"href":"https:\/\/demetozler.com\/index.php\/wp-json\/wp\/v2\/pages\/1858\/revisions"}],"predecessor-version":[{"id":1860,"href":"https:\/\/demetozler.com\/index.php\/wp-json\/wp\/v2\/pages\/1858\/revisions\/1860"}],"wp:attachment":[{"href":"https:\/\/demetozler.com\/index.php\/wp-json\/wp\/v2\/media?parent=1858"}],"curies":[{"name":"wp","href":"https:\/\/api.w.org\/{rel}","templated":true}]}}