{"id":1861,"date":"2024-01-31T15:30:32","date_gmt":"2024-01-31T12:30:32","guid":{"rendered":"https:\/\/demetozler.com\/?page_id=1861"},"modified":"2024-01-31T15:30:32","modified_gmt":"2024-01-31T12:30:32","slug":"acik-hava-reklamciligi","status":"publish","type":"page","link":"https:\/\/demetozler.com\/index.php\/acik-hava-reklamciligi\/","title":{"rendered":"A\u00e7\u0131k Hava Reklamc\u0131l\u0131\u011f\u0131"},"content":{"rendered":"<section class=\"wpb-content-wrapper\"><p>[vc_row full_width=&#8221;stretch_row_content_no_spaces&#8221; css=&#8221;.vc_custom_1706704203440{margin-bottom: 0px !important;padding-top: 50px !important;padding-bottom: 100px !important;background-image: url(https:\/\/demetozler.com\/wp-content\/uploads\/2024\/01\/Acik-Hava-Reklamciligi-bg.jpg?id=1862) !important;}&#8221; el_class=&#8221;text-center slider-moving&#8221;][vc_column css=&#8221;.vc_custom_1539553513442{margin-top: 25px !important;}&#8221; offset=&#8221;vc_col-xs-12&#8243;][vc_custom_heading text=&#8221;A\u00e7\u0131k Hava Reklamc\u0131l\u0131\u011f\u0131&#8221; font_container=&#8221;tag:h2|font_size:60px|text_align:center|line_height:60px&#8221; use_theme_fonts=&#8221;yes&#8221; css=&#8221;.vc_custom_1706704187784{margin-top: 5px !important;margin-bottom: 20px !important;}&#8221; el_class=&#8221;letter-spacing2px looking-for-heading&#8221;][vc_column_text css=&#8221;.vc_custom_1706703889807{margin-top: 30px !important;}&#8221;]<\/p>\n<p style=\"text-align: center;\">\u0130\u015f ihtiya\u00e7lar\u0131n\u0131za yarat\u0131c\u0131 \u00e7\u00f6z\u00fcmler i\u00e7in s\u00fcrekli \u00e7abal\u0131yoruz.<\/p>\n<p>[\/vc_column_text][\/vc_column][\/vc_row][vc_row css=&#8221;.vc_custom_1706701725923{margin-top: 50px !important;margin-bottom: 55px !important;}&#8221;][vc_column width=&#8221;2\/3&#8243; css=&#8221;.vc_custom_1541546568643{padding-top: 22px !important;}&#8221;]<div class=\"title-subtile-holder text-left\"><h6 class=\"section-title  dark_title\">Hizmetlerimiz<\/h6><h1 class=\"section-subtitle  dark_subtitle\">A\u00e7\u0131k Hava Reklamc\u0131l\u0131\u011f\u0131<\/h1><p class=\"section-description  light_description\"><\/p><\/div>[vc_empty_space height=&#8221;20px&#8221;][vc_column_text css_animation=&#8221;none&#8221;]Ak\u0131lda kal\u0131c\u0131l\u0131\u011f\u0131 y\u00fcksek, kolay fark edilebilen ve etkisiyle pozitif sonu\u00e7lar yaratan bir \u00e7\u00f6z\u00fcm arayan i\u015f ortaklar\u0131m\u0131za \u201ca\u00e7\u0131k hava reklamc\u0131l\u0131\u011f\u0131\u201d hizmetlerimizle destek oluyoruz. Ge\u00e7mi\u015ften g\u00fcn\u00fcm\u00fcze etkisini kaybetmeyen; tam aksine etkisi y\u0131lland\u0131k\u00e7a artan a\u00e7\u0131k hava reklamc\u0131l\u0131\u011f\u0131n\u0131n art\u0131lar\u0131n\u0131 ya\u015fatmak ad\u0131na i\u015f ortaklar\u0131m\u0131z\u0131n hedef kitlelerinin dikkatini \u00e7ekecek g\u00f6rsel tasar\u0131mlar yap\u0131yor ve i\u00e7eriklerle reklamlar\u0131n etkisini artt\u0131r\u0131yoruz.<\/p>\n<p>A\u00e7\u0131k hava reklamc\u0131l\u0131\u011f\u0131 hizmetlerimizle markalar\u0131m\u0131z\u0131n iletmek istedi\u011fi mesajlar\u0131 i\u015flek konumlarda hedef kitleleriyle bulu\u015fturuyoruz. Hangi reklam metodu tercih edilirse edilsin \u201chedef kitlelerinin dikkatini \u00e7ekmek\u201d i\u00e7in gereken t\u00fcm yeteneklerimizi seferber ediyoruz. A\u00e7\u0131k hava reklamc\u0131l\u0131\u011f\u0131n\u0131n ka\u00e7\u0131n\u0131lmaz etkisini m\u00fcmk\u00fcn oldu\u011funca \u00e7ok ki\u015fiye ya\u015fatmak ad\u0131na reklamlar\u0131n renginden, sloganlar\u0131na; konumundan belirginli\u011fine t\u00fcm \u00f6\u011felerin g\u00fcc\u00fcn\u00fc birle\u015ftiriyoruz.[\/vc_column_text][\/vc_column][vc_column width=&#8221;1\/3&#8243; css=&#8221;.vc_custom_1706703182387{padding-top: 50px !important;}&#8221;][vc_single_image image=&#8221;1828&#8243; img_size=&#8221;full&#8221; css=&#8221;.vc_custom_1706703249309{border-radius: 5px !important;}&#8221;][\/vc_column][\/vc_row][vc_row][vc_column width=&#8221;1\/3&#8243;][vc_empty_space height=&#8221;30px&#8221;][vc_single_image image=&#8221;1798&#8243; img_size=&#8221;full&#8221; css=&#8221;.vc_custom_1706701393793{border-radius: 5px !important;}&#8221;][\/vc_column][vc_column width=&#8221;2\/3&#8243;][vc_column_text css_animation=&#8221;none&#8221;]<\/p>\n<div class=\"wpb_text_column wpb_content_element vc_custom_1599827047747\">\n<div class=\"wpb_wrapper\">\n<div class=\"wpb_text_column wpb_content_element vc_custom_1599827363715\">\n<div class=\"wpb_wrapper\">\n<h3>A\u00e7\u0131k Hava Reklamc\u0131l\u0131\u011f\u0131 Hizmetlerimiz<\/h3>\n<\/div>\n<\/div>\n<div class=\"wpb_text_column wpb_content_element \">\n<div class=\"wpb_wrapper\">\n<p>A\u00e7\u0131k hava reklamc\u0131l\u0131\u011f\u0131 hizmetlerimiz kapsam\u0131nda;<\/p>\n<ul>\n<li>Billboard \u00e7al\u0131\u015fmalar\u0131,<\/li>\n<li>Totemler,<\/li>\n<li>Bannerlar,<\/li>\n<li>\u00c7at\u0131 reklamlar\u0131,<\/li>\n<li>Ara\u00e7 giydirme,<\/li>\n<li>Poster panelleri,<\/li>\n<li>Durak reklamlar\u0131 ve daha nicesini haz\u0131rl\u0131yoruz.<\/li>\n<\/ul>\n<p>\u0130\u015f ortaklar\u0131m\u0131z\u0131n kurumsal kimliklerinden esinlenerek ger\u00e7ekle\u015ftirdi\u011fimiz t\u00fcm a\u00e7\u0131k hava reklam \u00e7al\u0131\u015fmalar\u0131m\u0131zda yarat\u0131c\u0131l\u0131\u011f\u0131m\u0131z\u0131n \u00fcst s\u0131n\u0131rlar\u0131n\u0131 giderek y\u00fckseltiyoruz. Renklerin mesajlar\u0131na da i\u00e7eriklerde kulland\u0131\u011f\u0131m\u0131z kelimelerin nas\u0131l alg\u0131land\u0131\u011f\u0131na da profesyonel bir \u015fekilde yakla\u015f\u0131yoruz. A\u00e7\u0131k havan\u0131n say\u0131s\u0131z uyaran\u0131 aras\u0131nda fark edilebilecek \u00f6zelliklere sahip \u00e7al\u0131\u015fmalar\u0131m\u0131zla i\u015f ortaklar\u0131m\u0131z\u0131n marka bilinirli\u011finin yerellikten ulusall\u0131\u011fa ge\u00e7i\u015fini kolayla\u015ft\u0131r\u0131yoruz.<\/p>\n<\/div>\n<\/div>\n<\/div>\n<\/div>\n<p>[\/vc_column_text][\/vc_column][\/vc_row][vc_row css=&#8221;.vc_custom_1706701675939{margin-top: 10px !important;margin-bottom: 40px !important;}&#8221;][vc_column width=&#8221;3\/4&#8243; css=&#8221;.vc_custom_1541546568643{padding-top: 22px !important;}&#8221;][vc_column_text css_animation=&#8221;none&#8221;]<\/p>\n<div class=\"wpb_text_column wpb_content_element vc_custom_1599827066909\">\n<div class=\"wpb_wrapper\">\n<div class=\"wpb_text_column wpb_content_element vc_custom_1599827400720\">\n<div class=\"wpb_wrapper\">\n<h3>A\u00e7\u0131k Hava Reklamc\u0131l\u0131\u011f\u0131 Hizmetlerimiz Ne \u0130\u015fe Yarar?<\/h3>\n<\/div>\n<\/div>\n<div class=\"wpb_text_column wpb_content_element \">\n<div class=\"wpb_wrapper\">\n<p>Reklam tasar\u0131mlar\u0131m\u0131z\u0131 haz\u0131rlarken ve a\u00e7\u0131k hava reklamc\u0131l\u0131\u011f\u0131 y\u00f6ntemleri aras\u0131ndan se\u00e7im yaparken rakip ve hedef kitle analizlerimizin sonu\u00e7lar\u0131 do\u011frultusunda birlikte \u00e7al\u0131\u015ft\u0131\u011f\u0131m\u0131z firmalara dan\u0131\u015fmanl\u0131k sunarak ba\u015far\u0131lar\u0131n\u0131 artt\u0131r\u0131r\u0131z.<\/p>\n<p>A\u00e7\u0131k hava reklamc\u0131l\u0131\u011f\u0131 hizmetlerimiz sayesinde i\u015f ortaklar\u0131m\u0131z hayallerindeki marka bilinirli\u011fine her ge\u00e7en g\u00fcn bir ad\u0131m daha yakla\u015f\u0131rlar. A\u00e7\u0131k hava reklamlar\u0131n\u0131n etkisi her zaman y\u00fcksektir ve yapt\u0131\u011f\u0131m\u0131z reklamlar\u0131n \u00f6zg\u00fcnl\u00fc\u011f\u00fc fark\u0131m\u0131z\u0131 ortaya koyacak \u00f6zelliklerle donat\u0131lm\u0131\u015ft\u0131r.<\/p>\n<p>A\u00e7\u0131k hava reklamc\u0131l\u0131\u011f\u0131 hizmetlerimizle i\u015f ortaklar\u0131m\u0131z\u0131n hedef kitlelerini g\u00f6rsel a\u00e7\u0131dan etkilemelerini sa\u011flar\u0131z. Trafik s\u0131k\u0131\u015f\u0131kl\u0131klar\u0131n\u0131, otob\u00fcs duraklar\u0131nda bekleme s\u00fcrelerini ve yoldan ge\u00e7erken d\u0131\u015far\u0131y\u0131 izleme keyfini i\u015f ortaklar\u0131m\u0131z\u0131n avantaj\u0131na d\u00f6nd\u00fcrecek tasar\u0131mlar yapar\u0131z.<\/p>\n<p>A\u00e7\u0131k hava reklamlar\u0131m\u0131zdaki boyut esnekli\u011fi ile i\u015f ortaklar\u0131m\u0131z\u0131n ama\u00e7lar\u0131 do\u011frultusunda maksimum sonu\u00e7lar elde ederiz. Onlara \u00e7e\u015fitli alternatifler sunarak reklamlar\u0131n\u0131n etkisini \u00e7o\u011faltmay\u0131 hedefleriz.<\/p>\n<p>Reklamlar\u0131m\u0131z\u0131n lokasyonlar\u0131 hakk\u0131nda kendilerine dan\u0131\u015fmanl\u0131k vererek hedef kitlelerine eri\u015fememe endi\u015felerini sona erdiririz. Markalar\u0131 tan\u0131tacak bir dil aray\u0131\u015f\u0131na girer; samimi, kurumsal, g\u00fcvenilir ve ikna edici y\u00f6ntemler benimseriz.<\/p>\n<\/div>\n<\/div>\n<\/div>\n<\/div>\n<p>[\/vc_column_text][\/vc_column][vc_column width=&#8221;1\/4&#8243;][vc_empty_space height=&#8221;30px&#8221;][vc_single_image image=&#8221;1805&#8243; img_size=&#8221;full&#8221; css=&#8221;.vc_custom_1706701799616{border-radius: 5px !important;}&#8221;][\/vc_column][\/vc_row]<\/p>\n<\/section>","protected":false},"excerpt":{"rendered":"<p>[vc_row full_width=&#8221;stretch_row_content_no_spaces&#8221; css=&#8221;.vc_custom_1706704203440{margin-bottom: 0px !important;padding-top: 50px !important;padding-bottom: 100px !important;background-image: url(https:\/\/demetozler.com\/wp-content\/uploads\/2024\/01\/Acik-Hava-Reklamciligi-bg.jpg?id=1862) !important;}&#8221; el_class=&#8221;text-center slider-moving&#8221;][vc_column css=&#8221;.vc_custom_1539553513442{margin-top: 25px !important;}&#8221; offset=&#8221;vc_col-xs-12&#8243;][vc_custom_heading text=&#8221;A\u00e7\u0131k Hava Reklamc\u0131l\u0131\u011f\u0131&#8221; font_container=&#8221;tag:h2|font_size:60px|text_align:center|line_height:60px&#8221; use_theme_fonts=&#8221;yes&#8221; css=&#8221;.vc_custom_1706704187784{margin-top: 5px !important;margin-bottom: 20px !important;}&#8221; el_class=&#8221;letter-spacing2px looking-for-heading&#8221;][vc_column_text css=&#8221;.vc_custom_1706703889807{margin-top: 30px !important;}&#8221;] \u0130\u015f ihtiya\u00e7lar\u0131n\u0131za yarat\u0131c\u0131 \u00e7\u00f6z\u00fcmler i\u00e7in s\u00fcrekli \u00e7abal\u0131yoruz. [\/vc_column_text][\/vc_column][\/vc_row][vc_row css=&#8221;.vc_custom_1706701725923{margin-top: 50px !important;margin-bottom: 55px !important;}&#8221;][vc_column width=&#8221;2\/3&#8243; css=&#8221;.vc_custom_1541546568643{padding-top: 22px !important;}&#8221;][vc_empty_space height=&#8221;20px&#8221;][vc_column_text css_animation=&#8221;none&#8221;]Ak\u0131lda kal\u0131c\u0131l\u0131\u011f\u0131 y\u00fcksek, kolay fark [&hellip;]<\/p>\n","protected":false},"author":1,"featured_media":0,"parent":0,"menu_order":0,"comment_status":"closed","ping_status":"closed","template":"","meta":{"footnotes":""},"class_list":["post-1861","page","type-page","status-publish","hentry"],"_links":{"self":[{"href":"https:\/\/demetozler.com\/index.php\/wp-json\/wp\/v2\/pages\/1861","targetHints":{"allow":["GET"]}}],"collection":[{"href":"https:\/\/demetozler.com\/index.php\/wp-json\/wp\/v2\/pages"}],"about":[{"href":"https:\/\/demetozler.com\/index.php\/wp-json\/wp\/v2\/types\/page"}],"author":[{"embeddable":true,"href":"https:\/\/demetozler.com\/index.php\/wp-json\/wp\/v2\/users\/1"}],"replies":[{"embeddable":true,"href":"https:\/\/demetozler.com\/index.php\/wp-json\/wp\/v2\/comments?post=1861"}],"version-history":[{"count":1,"href":"https:\/\/demetozler.com\/index.php\/wp-json\/wp\/v2\/pages\/1861\/revisions"}],"predecessor-version":[{"id":1863,"href":"https:\/\/demetozler.com\/index.php\/wp-json\/wp\/v2\/pages\/1861\/revisions\/1863"}],"wp:attachment":[{"href":"https:\/\/demetozler.com\/index.php\/wp-json\/wp\/v2\/media?parent=1861"}],"curies":[{"name":"wp","href":"https:\/\/api.w.org\/{rel}","templated":true}]}}