{"id":1864,"date":"2024-01-31T15:31:52","date_gmt":"2024-01-31T12:31:52","guid":{"rendered":"https:\/\/demetozler.com\/?page_id=1864"},"modified":"2024-01-31T15:31:52","modified_gmt":"2024-01-31T12:31:52","slug":"organizasyon-yonetimi","status":"publish","type":"page","link":"https:\/\/demetozler.com\/index.php\/organizasyon-yonetimi\/","title":{"rendered":"Organizasyon Y\u00f6netimi"},"content":{"rendered":"<section class=\"wpb-content-wrapper\"><p>[vc_row full_width=&#8221;stretch_row_content_no_spaces&#8221; css=&#8221;.vc_custom_1706704283180{margin-bottom: 0px !important;padding-top: 50px !important;padding-bottom: 100px !important;background-image: url(https:\/\/demetozler.com\/wp-content\/uploads\/2024\/01\/Organizasyon-Yonetimi-bg.jpg?id=1865) !important;}&#8221; el_class=&#8221;text-center slider-moving&#8221;][vc_column css=&#8221;.vc_custom_1539553513442{margin-top: 25px !important;}&#8221; offset=&#8221;vc_col-xs-12&#8243;][vc_custom_heading text=&#8221;Organizasyon Y\u00f6netimi&#8221; font_container=&#8221;tag:h2|font_size:60px|text_align:center|line_height:60px&#8221; use_theme_fonts=&#8221;yes&#8221; css=&#8221;.vc_custom_1706704267227{margin-top: 5px !important;margin-bottom: 20px !important;}&#8221; el_class=&#8221;letter-spacing2px looking-for-heading&#8221;][vc_column_text css=&#8221;.vc_custom_1706703889807{margin-top: 30px !important;}&#8221;]<\/p>\n<p style=\"text-align: center;\">\u0130\u015f ihtiya\u00e7lar\u0131n\u0131za yarat\u0131c\u0131 \u00e7\u00f6z\u00fcmler i\u00e7in s\u00fcrekli \u00e7abal\u0131yoruz.<\/p>\n<p>[\/vc_column_text][\/vc_column][\/vc_row][vc_row css=&#8221;.vc_custom_1706701725923{margin-top: 50px !important;margin-bottom: 55px !important;}&#8221;][vc_column width=&#8221;2\/3&#8243; css=&#8221;.vc_custom_1541546568643{padding-top: 22px !important;}&#8221;]<div class=\"title-subtile-holder text-left\"><h6 class=\"section-title  dark_title\">Hizmetlerimiz<\/h6><h1 class=\"section-subtitle  dark_subtitle\">Organizasyon Y\u00f6netimi<\/h1><p class=\"section-description  light_description\"><\/p><\/div>[vc_empty_space height=&#8221;20px&#8221;][vc_column_text css_animation=&#8221;none&#8221;]Demet \u00d6zler Ajans olarak, kurumsal i\u015f ortaklar\u0131m\u0131zdan gelen organizasyon y\u00f6netimi hizmet taleplerini sorunsuz \u015fekilde yerine getirmek \u00fczere kurgulad\u0131\u011f\u0131m\u0131z hizmet s\u00fcre\u00e7lerimizle sekt\u00f6rel deneyimimizi ortaya koyuyoruz.<\/p>\n<p>Firmalar\u0131n kurum k\u00fclt\u00fcrlerini yans\u0131tan, e\u011flenceli, \u00f6zg\u00fcn ve bir o kadar da ak\u0131lda kal\u0131c\u0131 organizasyonlarla etkinlik ama\u00e7lar\u0131n\u0131n yerine getirilmesini sa\u011fl\u0131yoruz. Etkinlik y\u00f6netimi kapsam\u0131nda taleplerini ileten i\u015f ortaklar\u0131m\u0131zla toplant\u0131lar yap\u0131yor, etkinlik t\u00fcr\u00fc \u00f6zelinde hedef kitle beklentilerini analiz ediyor ve i\u015f ortaklar\u0131m\u0131z\u0131n imzas\u0131n\u0131 ta\u015f\u0131yan organizasyonlar\u0131 s\u0131f\u0131r hata politikam\u0131zla hayata ge\u00e7iriyoruz.<\/p>\n<p>Demet \u00d6zler Ajans olarak biz d\u00fczenledi\u011fimiz t\u00fcm organizasyonlar\u0131 A\u2019dan Z\u2019ye incelikle planlayarak etkinlik \u00f6zelinde t\u00fcm gereksinimleri sorunsuz bir \u015fekilde yerine getiriyoruz. Etkinliklerle ilgili duyurular\u0131 hem geleneksel hem de dijital platformlardan ger\u00e7ekle\u015ftiriyor, hedef kitleye do\u011fru ula\u015fabilece\u011fimiz t\u00fcm kanallar\u0131n potansiyelini sonuna dek kullan\u0131yoruz.[\/vc_column_text][\/vc_column][vc_column width=&#8221;1\/3&#8243; css=&#8221;.vc_custom_1706703182387{padding-top: 50px !important;}&#8221;][vc_single_image image=&#8221;1828&#8243; img_size=&#8221;full&#8221; css=&#8221;.vc_custom_1706703249309{border-radius: 5px !important;}&#8221;][\/vc_column][\/vc_row][vc_row][vc_column width=&#8221;1\/3&#8243;][vc_empty_space height=&#8221;30px&#8221;][vc_single_image image=&#8221;1798&#8243; img_size=&#8221;full&#8221; css=&#8221;.vc_custom_1706701393793{border-radius: 5px !important;}&#8221;][\/vc_column][vc_column width=&#8221;2\/3&#8243;][vc_column_text css_animation=&#8221;none&#8221;]<\/p>\n<div class=\"wpb_text_column wpb_content_element vc_custom_1599827047747\">\n<div class=\"wpb_wrapper\">\n<div class=\"wpb_text_column wpb_content_element vc_custom_1599827595632\">\n<div class=\"wpb_wrapper\">\n<h3>Organizasyon Y\u00f6netimi Hizmetlerimiz<\/h3>\n<\/div>\n<\/div>\n<div class=\"wpb_text_column wpb_content_element \">\n<div class=\"wpb_wrapper\">\n<p>Organizasyon y\u00f6netimi kapsam\u0131nda sa\u011flad\u0131\u011f\u0131m\u0131z hizmetler, i\u015f ortaklar\u0131m\u0131zdan gelen talepler do\u011frultusunda de\u011fi\u015fiklik g\u00f6sterebiliyor. Ancak hedefledi\u011fimiz hizmet kalitesi tercih edilen organizasyon t\u00fcr\u00fcnden ba\u011f\u0131ms\u0131z olarak her daim y\u00fcksek tutuluyor.<\/p>\n<p>Etkinli\u011fin kapsam\u0131 do\u011frultusunda lokasyon se\u00e7imini i\u015f ortaklar\u0131m\u0131zla birlikte hassasiyetle ger\u00e7ekle\u015ftiriliyor, g\u00f6rsel efektlerin kullan\u0131lmas\u0131 gereken durumlarda hummal\u0131 bir \u00e7al\u0131\u015fma ortaya koyuyor, alt yap\u0131 kalemlerinin eksiksiz oldu\u011fu tespit edildikten sonra etkinli\u011fin duyurusu ve kat\u0131l\u0131m\u0131yla ilgili prosed\u00fcrleri yerine getiriyoruz.<\/p>\n<p>Organizasyon i\u00e7in davetiyelerin g\u00f6rsel tasar\u0131mlar\u0131 i\u015f ortaklar\u0131m\u0131z\u0131n kurum k\u00fclt\u00fcrlerini yans\u0131tacak \u015fekilde dizayn ediliyor. Etkinlik s\u0131ras\u0131nda gereken ses sistemleri, film ve foto\u011fraf prod\u00fcksiyonu, ikram \u00e7e\u015fitlili\u011fi ve varsa promosyon \u00fcr\u00fcnleri ekibimizce belirleniyor. Organizasyonun her bir a\u015famas\u0131nda i\u015f ortaklar\u0131m\u0131zla ba\u011flant\u0131da kalan uzman kadromuz organizasyonlar\u0131n kusursuz olmas\u0131 ad\u0131nda t\u00fcm ayr\u0131nt\u0131lar\u0131n \u00fczerinden detayl\u0131 bir \u015fekilde ge\u00e7iyor.<\/p>\n<\/div>\n<\/div>\n<\/div>\n<\/div>\n<p>[\/vc_column_text][\/vc_column][\/vc_row][vc_row css=&#8221;.vc_custom_1706701675939{margin-top: 10px !important;margin-bottom: 40px !important;}&#8221;][vc_column width=&#8221;3\/4&#8243; css=&#8221;.vc_custom_1541546568643{padding-top: 22px !important;}&#8221;][vc_column_text css_animation=&#8221;none&#8221;]<\/p>\n<div class=\"wpb_text_column wpb_content_element vc_custom_1599827066909\">\n<div class=\"wpb_wrapper\">\n<div class=\"wpb_text_column wpb_content_element vc_custom_1599827617763\">\n<div class=\"wpb_wrapper\">\n<h3>Organizasyon Y\u00f6netimi Hizmetlerimiz Ne \u0130\u015fe Yarar?<\/h3>\n<\/div>\n<\/div>\n<div class=\"wpb_text_column wpb_content_element \">\n<div class=\"wpb_wrapper\">\n<p>\u015eirketler taraf\u0131ndan d\u00fczenlenen piknikler, fuar kat\u0131l\u0131mlar\u0131, bayi toplant\u0131lar\u0131, lansmanlar, a\u00e7\u0131l\u0131\u015f vb. etkinliklerin y\u00f6netilmesini sa\u011flayan ekibimiz ile deneyimimizi ve farkl\u0131 vizyonumuzu yans\u0131tmay\u0131 ama\u00e7lar\u0131z. Etkinliklerin hedef kitle ile s\u0131cak bir bulu\u015fma ger\u00e7ekle\u015ftirilmesi i\u00e7in \u00f6nemli bir f\u0131rsat oldu\u011fu ger\u00e7e\u011finden yola \u00e7\u0131karak i\u015f ortaklar\u0131m\u0131z\u0131n marka mesajlar\u0131n\u0131 en do\u011fru \u015fekilde yans\u0131tmalar\u0131n\u0131 sa\u011flar\u0131z.<\/p>\n<p>D\u00fczenledi\u011fimiz etkinliklerle i\u015f ortaklar\u0131m\u0131z\u0131n kendilerini en do\u011fru \u015fekilde anlatmalar\u0131 i\u00e7in uygun zemin haz\u0131rlay\u0131p hedef kitleleriyle ve \u00e7al\u0131\u015fanlar\u0131yla s\u0131cak ili\u015fkiler kurmalar\u0131n\u0131 sa\u011flayarak marka bilinirliklerinin \u00e7o\u011falmas\u0131na katk\u0131da bulunuruz.<\/p>\n<\/div>\n<\/div>\n<\/div>\n<\/div>\n<p>[\/vc_column_text][\/vc_column][vc_column width=&#8221;1\/4&#8243;][vc_empty_space height=&#8221;30px&#8221;][vc_single_image image=&#8221;1805&#8243; img_size=&#8221;full&#8221; css=&#8221;.vc_custom_1706701799616{border-radius: 5px !important;}&#8221;][\/vc_column][\/vc_row]<\/p>\n<\/section>","protected":false},"excerpt":{"rendered":"<p>[vc_row full_width=&#8221;stretch_row_content_no_spaces&#8221; css=&#8221;.vc_custom_1706704283180{margin-bottom: 0px !important;padding-top: 50px !important;padding-bottom: 100px !important;background-image: url(https:\/\/demetozler.com\/wp-content\/uploads\/2024\/01\/Organizasyon-Yonetimi-bg.jpg?id=1865) !important;}&#8221; el_class=&#8221;text-center slider-moving&#8221;][vc_column css=&#8221;.vc_custom_1539553513442{margin-top: 25px !important;}&#8221; offset=&#8221;vc_col-xs-12&#8243;][vc_custom_heading text=&#8221;Organizasyon Y\u00f6netimi&#8221; font_container=&#8221;tag:h2|font_size:60px|text_align:center|line_height:60px&#8221; use_theme_fonts=&#8221;yes&#8221; css=&#8221;.vc_custom_1706704267227{margin-top: 5px !important;margin-bottom: 20px !important;}&#8221; el_class=&#8221;letter-spacing2px looking-for-heading&#8221;][vc_column_text css=&#8221;.vc_custom_1706703889807{margin-top: 30px !important;}&#8221;] \u0130\u015f ihtiya\u00e7lar\u0131n\u0131za yarat\u0131c\u0131 \u00e7\u00f6z\u00fcmler i\u00e7in s\u00fcrekli \u00e7abal\u0131yoruz. [\/vc_column_text][\/vc_column][\/vc_row][vc_row css=&#8221;.vc_custom_1706701725923{margin-top: 50px !important;margin-bottom: 55px !important;}&#8221;][vc_column width=&#8221;2\/3&#8243; css=&#8221;.vc_custom_1541546568643{padding-top: 22px !important;}&#8221;][vc_empty_space height=&#8221;20px&#8221;][vc_column_text css_animation=&#8221;none&#8221;]Demet \u00d6zler Ajans olarak, kurumsal i\u015f [&hellip;]<\/p>\n","protected":false},"author":1,"featured_media":0,"parent":0,"menu_order":0,"comment_status":"closed","ping_status":"closed","template":"","meta":{"footnotes":""},"class_list":["post-1864","page","type-page","status-publish","hentry"],"_links":{"self":[{"href":"https:\/\/demetozler.com\/index.php\/wp-json\/wp\/v2\/pages\/1864","targetHints":{"allow":["GET"]}}],"collection":[{"href":"https:\/\/demetozler.com\/index.php\/wp-json\/wp\/v2\/pages"}],"about":[{"href":"https:\/\/demetozler.com\/index.php\/wp-json\/wp\/v2\/types\/page"}],"author":[{"embeddable":true,"href":"https:\/\/demetozler.com\/index.php\/wp-json\/wp\/v2\/users\/1"}],"replies":[{"embeddable":true,"href":"https:\/\/demetozler.com\/index.php\/wp-json\/wp\/v2\/comments?post=1864"}],"version-history":[{"count":1,"href":"https:\/\/demetozler.com\/index.php\/wp-json\/wp\/v2\/pages\/1864\/revisions"}],"predecessor-version":[{"id":1866,"href":"https:\/\/demetozler.com\/index.php\/wp-json\/wp\/v2\/pages\/1864\/revisions\/1866"}],"wp:attachment":[{"href":"https:\/\/demetozler.com\/index.php\/wp-json\/wp\/v2\/media?parent=1864"}],"curies":[{"name":"wp","href":"https:\/\/api.w.org\/{rel}","templated":true}]}}