{"id":1867,"date":"2024-01-31T15:33:24","date_gmt":"2024-01-31T12:33:24","guid":{"rendered":"https:\/\/demetozler.com\/?page_id=1867"},"modified":"2024-01-31T15:33:24","modified_gmt":"2024-01-31T12:33:24","slug":"video-ve-fotograf-cekimi","status":"publish","type":"page","link":"https:\/\/demetozler.com\/index.php\/video-ve-fotograf-cekimi\/","title":{"rendered":"Video ve Foto\u011fraf \u00c7ekimi"},"content":{"rendered":"<section class=\"wpb-content-wrapper\"><p>[vc_row full_width=&#8221;stretch_row_content_no_spaces&#8221; css=&#8221;.vc_custom_1706704369458{margin-bottom: 0px !important;padding-top: 50px !important;padding-bottom: 100px !important;background-image: url(https:\/\/demetozler.com\/wp-content\/uploads\/2024\/01\/Video-ve-Fotograf-Cekimi-bg.jpg?id=1868) !important;}&#8221; el_class=&#8221;text-center slider-moving&#8221;][vc_column css=&#8221;.vc_custom_1539553513442{margin-top: 25px !important;}&#8221; offset=&#8221;vc_col-xs-12&#8243;][vc_custom_heading text=&#8221;Video ve Foto\u011fraf \u00c7ekimi&#8221; font_container=&#8221;tag:h2|font_size:60px|text_align:center|line_height:60px&#8221; use_theme_fonts=&#8221;yes&#8221; css=&#8221;.vc_custom_1706704348379{margin-top: 5px !important;margin-bottom: 20px !important;}&#8221; el_class=&#8221;letter-spacing2px looking-for-heading&#8221;][vc_column_text css=&#8221;.vc_custom_1706703889807{margin-top: 30px !important;}&#8221;]<\/p>\n<p style=\"text-align: center;\">\u0130\u015f ihtiya\u00e7lar\u0131n\u0131za yarat\u0131c\u0131 \u00e7\u00f6z\u00fcmler i\u00e7in s\u00fcrekli \u00e7abal\u0131yoruz.<\/p>\n<p>[\/vc_column_text][\/vc_column][\/vc_row][vc_row css=&#8221;.vc_custom_1706701725923{margin-top: 50px !important;margin-bottom: 55px !important;}&#8221;][vc_column width=&#8221;2\/3&#8243; css=&#8221;.vc_custom_1541546568643{padding-top: 22px !important;}&#8221;]<div class=\"title-subtile-holder text-left\"><h6 class=\"section-title  dark_title\">Hizmetlerimiz<\/h6><h1 class=\"section-subtitle  dark_subtitle\">Video ve Foto\u011fraf \u00c7ekimi<\/h1><p class=\"section-description  light_description\"><\/p><\/div>[vc_empty_space height=&#8221;20px&#8221;][vc_column_text css_animation=&#8221;none&#8221;]\u0130\u015f ortaklar\u0131m\u0131z\u0131n tan\u0131t\u0131m\u0131, reklam ve pazarlama faaliyetleri i\u00e7in sundu\u011fumuz video \u2013 foto\u011fraf \u00e7ekimi hizmetimizle; yarat\u0131c\u0131, \u00f6zg\u00fcn ve mesaj\u0131 do\u011fru ileten profesyonel i\u015fler ortaya \u00e7\u0131kar\u0131yoruz. Firmalar\u0131n web sitelerinde, kataloglar\u0131nda, sosyal medya profillerinde, yay\u0131mlanacak haberlerinde ve daha nicesinde kullan\u0131lacak fark yaratan \u00e7al\u0131\u015fmalar\u0131m\u0131zla i\u015f ortaklar\u0131m\u0131za e\u015fsiz bir deneyim ya\u015fat\u0131yoruz.<\/p>\n<p>Kelimelerin yetersiz kald\u0131\u011f\u0131 anlar\u0131 \u00f6l\u00fcms\u00fczle\u015ftiren foto\u011fraflar\u0131n ve internetin ya\u015famlar\u0131m\u0131z \u00fczerindeki hakimiyeti sonucu etkisini artt\u0131ran videolar\u0131n \u015firketlerin tan\u0131t\u0131mlar\u0131nda \u00f6nemli rolleri vard\u0131r. Uzun metinlerle ifade edilmesi g\u00fc\u00e7 mesajlar tek bir kare ya da k\u0131sa bir video \u00e7ekimiyle hedef kitleye aktar\u0131labilir. Sosyal medya kullan\u0131m\u0131n\u0131n yayg\u0131nla\u015fmas\u0131 sonucu hedef kitlelerinin dikkatini g\u00f6rselleri ve videolar\u0131 ile \u00e7ekmeyi ba\u015faran firmalar ise rakipleri aras\u0131ndan s\u0131yr\u0131labilir.<\/p>\n<p>Mesaj iletme ve etki yaratma noktas\u0131nda belirleyici rolleri inkar edilemeyen videolar\u0131n ve foto\u011fraflar\u0131n i\u015f ortaklar\u0131m\u0131za da fayda sa\u011flamas\u0131 amac\u0131yla sundu\u011fumuz \u201cvideo ve foto\u011fraf \u00e7ekimi\u201d hizmetimizle benzersiz projeler ortaya \u00e7\u0131kar\u0131yoruz.[\/vc_column_text][\/vc_column][vc_column width=&#8221;1\/3&#8243; css=&#8221;.vc_custom_1706703182387{padding-top: 50px !important;}&#8221;][vc_single_image image=&#8221;1828&#8243; img_size=&#8221;full&#8221; css=&#8221;.vc_custom_1706703249309{border-radius: 5px !important;}&#8221;][\/vc_column][\/vc_row][vc_row][vc_column width=&#8221;1\/3&#8243;][vc_empty_space height=&#8221;30px&#8221;][vc_single_image image=&#8221;1798&#8243; img_size=&#8221;full&#8221; css=&#8221;.vc_custom_1706701393793{border-radius: 5px !important;}&#8221;][\/vc_column][vc_column width=&#8221;2\/3&#8243;][vc_column_text css_animation=&#8221;none&#8221;]<\/p>\n<div class=\"wpb_text_column wpb_content_element vc_custom_1599827047747\">\n<div class=\"wpb_wrapper\">\n<div class=\"wpb_text_column wpb_content_element vc_custom_1599827708986\">\n<div class=\"wpb_wrapper\">\n<h3>Video ve Foto\u011fraf \u00c7ekimi Hizmetlerimiz<\/h3>\n<\/div>\n<\/div>\n<div class=\"wpb_text_column wpb_content_element \">\n<div class=\"wpb_wrapper\">\n<p>\u0130\u015f ortaklar\u0131m\u0131zdan gelen video ve foto\u011fraf \u00e7ekimine sekt\u00f6rle, markayla ve hedef kitle ile ilgili ara\u015ft\u0131rmalar\u0131n\u0131 yaparak giden profesyonel \u00e7al\u0131\u015fanlar\u0131m\u0131zla en yarat\u0131c\u0131 \u00e7\u00f6z\u00fcmlerin adresi olmay\u0131 s\u00fcrd\u00fcr\u00fcyoruz.<\/p>\n<p>\u0130\u00e7 ve d\u0131\u015f mekan, \u00fcr\u00fcn ve tan\u0131t\u0131m videolar\u0131n\u0131n \u00e7ekimleri gibi hizmetlerimizle i\u015f ortaklar\u0131m\u0131z\u0131n reklam ve pazarlama faaliyetlerinin etkisini artt\u0131r\u0131yoruz. Video ve g\u00f6rsellerin viralle\u015fme olas\u0131l\u0131\u011f\u0131n\u0131 da g\u00f6z \u00f6n\u00fcnde bulundurarak verdi\u011fimiz hizmetlerle i\u015f ortaklar\u0131m\u0131z\u0131n mesajlar\u0131n\u0131 en \u00e7arp\u0131c\u0131 ve en \u00e7ok geri bildirim alacak \u015fekilde iletiyoruz.<\/p>\n<p>Demet \u00d6zler Ajans olarak; kusursuz, profesyonel, \u00f6zg\u00fcn ve de\u011fer katan \u00e7ekimlerimizle i\u015f ortaklar\u0131m\u0131z\u0131n bilinirli\u011fini artt\u0131rmak ve marka mesajlar\u0131n\u0131 iletmek i\u00e7in \u00e7al\u0131\u015f\u0131yoruz.<\/p>\n<\/div>\n<\/div>\n<\/div>\n<\/div>\n<p>[\/vc_column_text][\/vc_column][\/vc_row][vc_row css=&#8221;.vc_custom_1706701675939{margin-top: 10px !important;margin-bottom: 40px !important;}&#8221;][vc_column width=&#8221;3\/4&#8243; css=&#8221;.vc_custom_1541546568643{padding-top: 22px !important;}&#8221;][vc_column_text css_animation=&#8221;none&#8221;]<\/p>\n<div class=\"wpb_text_column wpb_content_element vc_custom_1599827066909\">\n<div class=\"wpb_wrapper\">\n<div class=\"wpb_text_column wpb_content_element vc_custom_1599827726306\">\n<div class=\"wpb_wrapper\">\n<h3>Video ve Foto\u011fraf \u00c7ekimi Hizmetlerimiz Ne \u0130\u015fe Yarar?<\/h3>\n<\/div>\n<\/div>\n<div class=\"wpb_text_column wpb_content_element \">\n<div class=\"wpb_wrapper\">\n<p>\u0130\u015f ortaklar\u0131m\u0131z\u0131n talepleri ve hedef kitlelerinin ilgisini \u00e7ekecek do\u011frultuda ger\u00e7ekle\u015ftirdi\u011fimiz \u00e7ekimlerle web sitelerini, sosyal medya hesaplar\u0131n\u0131, haberlerini ve kendilerini tan\u0131tmak i\u00e7in yer ald\u0131klar\u0131 t\u00fcm platformlar\u0131 canland\u0131r\u0131yoruz.<\/p>\n<p>\u0130\u015f ortaklar\u0131m\u0131z\u0131n g\u00f6rsel imaj\u0131n\u0131 iyile\u015ftiriyor, \u00f6zg\u00fcnl\u00fc\u011fe ve kaliteye verdikleri \u00f6nemi g\u00f6zler \u00f6n\u00fcne seriyoruz. Markan\u0131n ihtiya\u00e7lar\u0131n\u0131 bir b\u00fct\u00fcn olarak ele al\u0131yor ve pazardaki sesini g\u00fc\u00e7lendirmeye \u00e7al\u0131\u015f\u0131yoruz. Dinamik ve profesyonel ekibimizle talep oldu\u011fu takdirde i\u015f ortaklar\u0131m\u0131z\u0131n tan\u0131t\u0131m videolar\u0131n\u0131n senaryosunu da haz\u0131rlayarak b\u00fct\u00fcnc\u00fcl hizmet anlay\u0131\u015f\u0131m\u0131z\u0131 sergiliyoruz.<\/p>\n<\/div>\n<\/div>\n<\/div>\n<\/div>\n<p>[\/vc_column_text][\/vc_column][vc_column width=&#8221;1\/4&#8243;][vc_empty_space height=&#8221;30px&#8221;][vc_single_image image=&#8221;1805&#8243; img_size=&#8221;full&#8221; css=&#8221;.vc_custom_1706701799616{border-radius: 5px !important;}&#8221;][\/vc_column][\/vc_row]<\/p>\n<\/section>","protected":false},"excerpt":{"rendered":"<p>[vc_row full_width=&#8221;stretch_row_content_no_spaces&#8221; css=&#8221;.vc_custom_1706704369458{margin-bottom: 0px !important;padding-top: 50px !important;padding-bottom: 100px !important;background-image: url(https:\/\/demetozler.com\/wp-content\/uploads\/2024\/01\/Video-ve-Fotograf-Cekimi-bg.jpg?id=1868) !important;}&#8221; el_class=&#8221;text-center slider-moving&#8221;][vc_column css=&#8221;.vc_custom_1539553513442{margin-top: 25px !important;}&#8221; offset=&#8221;vc_col-xs-12&#8243;][vc_custom_heading text=&#8221;Video ve Foto\u011fraf \u00c7ekimi&#8221; font_container=&#8221;tag:h2|font_size:60px|text_align:center|line_height:60px&#8221; use_theme_fonts=&#8221;yes&#8221; css=&#8221;.vc_custom_1706704348379{margin-top: 5px !important;margin-bottom: 20px !important;}&#8221; el_class=&#8221;letter-spacing2px looking-for-heading&#8221;][vc_column_text css=&#8221;.vc_custom_1706703889807{margin-top: 30px !important;}&#8221;] \u0130\u015f ihtiya\u00e7lar\u0131n\u0131za yarat\u0131c\u0131 \u00e7\u00f6z\u00fcmler i\u00e7in s\u00fcrekli \u00e7abal\u0131yoruz. [\/vc_column_text][\/vc_column][\/vc_row][vc_row css=&#8221;.vc_custom_1706701725923{margin-top: 50px !important;margin-bottom: 55px !important;}&#8221;][vc_column width=&#8221;2\/3&#8243; css=&#8221;.vc_custom_1541546568643{padding-top: 22px !important;}&#8221;][vc_empty_space height=&#8221;20px&#8221;][vc_column_text css_animation=&#8221;none&#8221;]\u0130\u015f ortaklar\u0131m\u0131z\u0131n tan\u0131t\u0131m\u0131, reklam [&hellip;]<\/p>\n","protected":false},"author":1,"featured_media":0,"parent":0,"menu_order":0,"comment_status":"closed","ping_status":"closed","template":"","meta":{"footnotes":""},"class_list":["post-1867","page","type-page","status-publish","hentry"],"_links":{"self":[{"href":"https:\/\/demetozler.com\/index.php\/wp-json\/wp\/v2\/pages\/1867","targetHints":{"allow":["GET"]}}],"collection":[{"href":"https:\/\/demetozler.com\/index.php\/wp-json\/wp\/v2\/pages"}],"about":[{"href":"https:\/\/demetozler.com\/index.php\/wp-json\/wp\/v2\/types\/page"}],"author":[{"embeddable":true,"href":"https:\/\/demetozler.com\/index.php\/wp-json\/wp\/v2\/users\/1"}],"replies":[{"embeddable":true,"href":"https:\/\/demetozler.com\/index.php\/wp-json\/wp\/v2\/comments?post=1867"}],"version-history":[{"count":1,"href":"https:\/\/demetozler.com\/index.php\/wp-json\/wp\/v2\/pages\/1867\/revisions"}],"predecessor-version":[{"id":1869,"href":"https:\/\/demetozler.com\/index.php\/wp-json\/wp\/v2\/pages\/1867\/revisions\/1869"}],"wp:attachment":[{"href":"https:\/\/demetozler.com\/index.php\/wp-json\/wp\/v2\/media?parent=1867"}],"curies":[{"name":"wp","href":"https:\/\/api.w.org\/{rel}","templated":true}]}}