{"id":538,"date":"2018-10-15T17:45:32","date_gmt":"2018-10-15T17:45:32","guid":{"rendered":"https:\/\/www.nivawp.lucian.host\/?page_id=538"},"modified":"2024-01-31T15:53:31","modified_gmt":"2024-01-31T12:53:31","slug":"referanslarimiz","status":"publish","type":"page","link":"https:\/\/demetozler.com\/index.php\/referanslarimiz\/","title":{"rendered":"Referanslar\u0131m\u0131z"},"content":{"rendered":"<section class=\"wpb-content-wrapper\"><p>[vc_row full_width=&#8221;stretch_row_content_no_spaces&#8221; css=&#8221;.vc_custom_1706700085168{margin-top: 50px !important;margin-bottom: 0px !important;background-image: url(https:\/\/demetozler.com\/wp-content\/uploads\/2024\/01\/referanslarimiz-bh.jpg?id=1711) !important;}&#8221; el_class=&#8221;text-center slider-moving&#8221;][vc_column][vc_empty_space height=&#8221;50px&#8221;][vc_custom_heading text=&#8221;Referanslar\u0131m\u0131z&#8221; font_container=&#8221;tag:h2|font_size:60px|text_align:center|line_height:60px&#8221; use_theme_fonts=&#8221;yes&#8221; el_class=&#8221;letter-spacing2px looking-for-heading&#8221; css=&#8221;.vc_custom_1706700411445{margin-top: 5px !important;margin-bottom: 20px !important;}&#8221;][vc_column_text css=&#8221;.vc_custom_1706700426110{margin-top: 30px !important;}&#8221;]<\/p>\n<p style=\"text-align: center;\">\u0130\u015f ihtiya\u00e7lar\u0131n\u0131za yarat\u0131c\u0131 \u00e7\u00f6z\u00fcmler \u00fcretmek i\u00e7in s\u00fcrekli \u00e7abal\u0131yoruz.<\/p>\n<p>[\/vc_column_text][vc_empty_space height=&#8221;70px&#8221;][\/vc_column][\/vc_row][vc_row css=&#8221;.vc_custom_1706700460088{padding-top: 55px !important;padding-bottom: 85px !important;}&#8221;][vc_column][vc_gallery type=&#8221;image_grid&#8221; images=&#8221;1712,1713,1714,1715,1716,1717,1718,1720,1721,1722,1723,1724,1725,1726,1727,1728,1729,1730,1731,1732,1733,1734,1735,1736,1737,1738,1739,1740,1741,1742,1743&#8243; img_size=&#8221;280&#215;140&#8243; onclick=&#8221;&#8221;][\/vc_column][\/vc_row]<\/p>\n<\/section>","protected":false},"excerpt":{"rendered":"<p>[vc_row full_width=&#8221;stretch_row_content_no_spaces&#8221; css=&#8221;.vc_custom_1706700085168{margin-top: 50px !important;margin-bottom: 0px !important;background-image: url(https:\/\/demetozler.com\/wp-content\/uploads\/2024\/01\/referanslarimiz-bh.jpg?id=1711) !important;}&#8221; el_class=&#8221;text-center slider-moving&#8221;][vc_column][vc_empty_space height=&#8221;50px&#8221;][vc_custom_heading text=&#8221;Referanslar\u0131m\u0131z&#8221; font_container=&#8221;tag:h2|font_size:60px|text_align:center|line_height:60px&#8221; use_theme_fonts=&#8221;yes&#8221; el_class=&#8221;letter-spacing2px looking-for-heading&#8221; css=&#8221;.vc_custom_1706700411445{margin-top: 5px !important;margin-bottom: 20px !important;}&#8221;][vc_column_text css=&#8221;.vc_custom_1706700426110{margin-top: 30px !important;}&#8221;] \u0130\u015f ihtiya\u00e7lar\u0131n\u0131za yarat\u0131c\u0131 \u00e7\u00f6z\u00fcmler \u00fcretmek i\u00e7in s\u00fcrekli \u00e7abal\u0131yoruz. [\/vc_column_text][vc_empty_space height=&#8221;70px&#8221;][\/vc_column][\/vc_row][vc_row css=&#8221;.vc_custom_1706700460088{padding-top: 55px !important;padding-bottom: 85px !important;}&#8221;][vc_column][vc_gallery type=&#8221;image_grid&#8221; images=&#8221;1712,1713,1714,1715,1716,1717,1718,1720,1721,1722,1723,1724,1725,1726,1727,1728,1729,1730,1731,1732,1733,1734,1735,1736,1737,1738,1739,1740,1741,1742,1743&#8243; img_size=&#8221;280&#215;140&#8243; onclick=&#8221;&#8221;][\/vc_column][\/vc_row]<\/p>\n","protected":false},"author":1,"featured_media":0,"parent":0,"menu_order":0,"comment_status":"closed","ping_status":"closed","template":"","meta":{"footnotes":""},"class_list":["post-538","page","type-page","status-publish","hentry"],"_links":{"self":[{"href":"https:\/\/demetozler.com\/index.php\/wp-json\/wp\/v2\/pages\/538","targetHints":{"allow":["GET"]}}],"collection":[{"href":"https:\/\/demetozler.com\/index.php\/wp-json\/wp\/v2\/pages"}],"about":[{"href":"https:\/\/demetozler.com\/index.php\/wp-json\/wp\/v2\/types\/page"}],"author":[{"embeddable":true,"href":"https:\/\/demetozler.com\/index.php\/wp-json\/wp\/v2\/users\/1"}],"replies":[{"embeddable":true,"href":"https:\/\/demetozler.com\/index.php\/wp-json\/wp\/v2\/comments?post=538"}],"version-history":[{"count":9,"href":"https:\/\/demetozler.com\/index.php\/wp-json\/wp\/v2\/pages\/538\/revisions"}],"predecessor-version":[{"id":1750,"href":"https:\/\/demetozler.com\/index.php\/wp-json\/wp\/v2\/pages\/538\/revisions\/1750"}],"wp:attachment":[{"href":"https:\/\/demetozler.com\/index.php\/wp-json\/wp\/v2\/media?parent=538"}],"curies":[{"name":"wp","href":"https:\/\/api.w.org\/{rel}","templated":true}]}}